{"id":825,"date":"2021-06-13T08:25:50","date_gmt":"2021-06-13T08:25:50","guid":{"rendered":"https:\/\/pre.pereira.es\/?page_id=825"},"modified":"2023-11-17T10:58:08","modified_gmt":"2023-11-17T08:58:08","slug":"cookies-policy","status":"publish","type":"page","link":"https:\/\/pereiraycao.es\/en\/cookies-policy\/","title":{"rendered":"Cookies policy"},"content":{"rendered":"<section class=\"l-section wpb_row height_medium\"><div class=\"l-section-h i-cf\"><div class=\"g-cols vc_row via_flex valign_top type_default stacking_default\"><div class=\"vc_col-sm-12 wpb_column vc_column_container\"><div class=\"vc_column-inner\"><div class=\"wpb_wrapper\"><div class=\"wpb_text_column\"><div class=\"wpb_wrapper\"><h1>POLITICA DE COOKIES<\/h1>\n<p>De conformidad con el art. 22 de la Ley 34\/2002 de Servicios de la Sociedad de la Informaci\u00f3n y Comercio Electr\u00f3nico, seg\u00fan la redacci\u00f3n del mismo dada por el apartado cinco de la disposici\u00f3n final segunda de la Ley 9\/2014, de 9 de mayo, General de Telecomunicaciones, PEREIRA, SA (en adelante PEREIRA) le informa y usted presta su consentimiento, para la utilizaci\u00f3n de cookies en nuestro sitio web http:\/\/www.pereira.es, ya sea mediante la aceptaci\u00f3n expresa realizada en el aviso existente o por la mera navegaci\u00f3n por la web.<\/p>\n<h2>Que son las Cookies<\/h2>\n<p>Las &#8220;Cookies&#8221; son peque\u00f1os ficheros o identificadores que se env\u00edan e instalan en el terminal del usuario (ordenador, Smartphone, tableta) cuando se accede a un sitio web y que permiten al titular del mismo, almacenar o recuperar determinada informaci\u00f3n an\u00f3nima sobre diferentes variables, como por ejemplo el n\u00famero de veces que la p\u00e1gina ha sido visitada por el usuario.<\/p>\n<h2>Tipos de Cookies que un sitio web puede utilizar:<\/h2>\n<p>Seg\u00fan la entidad que las gestiona:<\/p>\n<ul>\n<li>Cookies propias o internas:\u00a0las cookies son enviadas y gestionadas exclusivamente por\u00a0PEREIRA, desde sus propios equipos o dominios.<\/li>\n<li>Cookies de terceros:\u00a0son aqu\u00e9llas que se env\u00edan al equipo terminal del usuario desde un equipo o dominio que no es gestionado por el editor, sino por otra entidad que trata los datos obtenidos a trav\u00e9s de las cookies. En el caso que las cookies sean instaladas desde un equipo o dominio gestionado por el propio editor pero la informaci\u00f3n que se recoja mediante \u00e9stas sea gestionada por un tercero, no pueden ser consideradas como cookies propias.<\/li>\n<\/ul>\n<p>Seg\u00fan su perdurabilidad o plado de tiempo que permanecen activadas:<\/p>\n<ul>\n<li>Cookies de sesi\u00f3n:\u00a0son cookies temporales que almacenan informaci\u00f3n mientras el usuario permanece en el sitio (una sesi\u00f3n), pero se eliminan al abandonarlo, cerrar el navegador o al desconectar la conexi\u00f3n a Internet. La informaci\u00f3n que se obtiene por medio de estas cookies, sirven para analizar pautas de tr\u00e1fico en la web y permiten proporcionar una mejor experiencia para mejorar el contenido y facilitar su uso.<\/li>\n<li>Cookies permanentes-persistente:\u00a0los datos que se recogen permanecen almacenados en el terminal del usuario despu\u00e9s de cerrar la sesi\u00f3n, y pueden ser consultados por la web cada vez que el usuario realiza una nueva visita y durante un per\u00edodo de tiempo determinado, y que puede ir de unos minutos a varios a\u00f1os.<\/li>\n<\/ul>\n<p>Seg\u00fan su finalidad:<\/p>\n<ul>\n<li>Cookies t\u00e9cnicas:\u00a0permiten la navegaci\u00f3n a trav\u00e9s del sitio web y la utilizaci\u00f3n de las diferentes opciones o servicios.<\/li>\n<li>Cookies anal\u00edticas:Son aqu\u00e9llas que bien tratadas por nosotros o por terceros, permiten el seguimiento y an\u00e1lisis del comportamiento de los usuarios en los sitio web d\u00f3nde se localizan, con el fin de realizar estudios de tr\u00e1fico para efectuar mejoras, tomar decisiones basadas en estad\u00edsticas, etc.<\/li>\n<\/ul>\n<p>Cookies de personalizaci\u00f3n<\/p>\n<p>Son aqu\u00e9llas que posibilitan acceder al servicio con unas caracter\u00edsticas predeterminadas en funci\u00f3n de una serie de criterios, como por ejemplo el tipo de navegador a trav\u00e9s del cual se accede al servicio, el idioma, la configuraci\u00f3n regional desde donde se accede al servicio, etc.<\/p>\n<p>Cookies publicitarias<\/p>\n<p>Son aqu\u00e9llas que permiten la gesti\u00f3n, de espacios publicitarios que se pudieran incluir en un sitio web.<\/p>\n<p>Cookies de publicidad comportamental<\/p>\n<p>Son cookies que almacenan informaci\u00f3n del comportamiento de los usuarios obtenida a trav\u00e9s de la observaci\u00f3n continuada para conocer los h\u00e1bitos de navegaci\u00f3n en internet y mostrarte publicidad relacionada con el perfil de navegaci\u00f3n.<\/p>\n<h2>Tipos de Cookies utilizadas en el sitio http:\/\/www.pereira.es<\/h2>\n<ul>\n<li>Propias:Son Cookies enviadas a su ordenador y gestionadas exclusivamente por\u00a0PEREIRA, SA.\u00a0Se instalan al navegar por http:\/\/www.pereira.es.<\/li>\n<\/ul>\n<table>\n<thead>\n<tr>\n<th>Servidor desde el que se env\u00eda<\/th>\n<th>Cookie Propia<\/th>\n<th>Finalidad<\/th>\n<th>Caducidad<\/th>\n<th>M\u00e1s informaci\u00f3n<\/th>\n<\/tr>\n<\/thead>\n<tbody>\n<tr>\n<td>www.pereirahosteleria.es<\/td>\n<td>estadCookie<\/td>\n<td>Esta cookie t\u00e9cnica permite conocer si ya se le ha mostrado el aviso de pol\u00edtica de cookies de nuestro Sitio Web para no mostrarlo de nuevo.<\/td>\n<td>1 a\u00f1o<\/td>\n<td rowspan=\"5\">Pol\u00edtica de Cookies de PEREIRA.<\/td>\n<\/tr>\n<tr>\n<td rowspan=\"4\">www.pereirahosteleria.es<\/td>\n<td>_gat<\/td>\n<td>Estrictamente Necesaria. Para evaluaci\u00f3n de peticiones de p\u00e1ginas.<\/td>\n<td>Fin sesi\u00f3n.<\/td>\n<\/tr>\n<tr>\n<td>_ga<\/td>\n<td>Estrictamente Necesaria. Para distinguir a los usuarios.<\/td>\n<td>2 a\u00f1os<\/td>\n<\/tr>\n<tr>\n<td>_gid<\/td>\n<td>Cookie de sesi\u00f3n-sin clasificar<\/td>\n<td>1 d\u00eda<\/td>\n<\/tr>\n<tr>\n<td>PHPSESSID<\/td>\n<td>Es un identificador de sesi\u00f3n proporcionado por el servidor. Se utilizada para identificar a un usuario que haya iniciado sesi\u00f3n en nuestro Sitio Web<\/td>\n<td>Fin sesi\u00f3n<\/td>\n<\/tr>\n<\/tbody>\n<\/table>\n<p>De terceros: Cookies que son enviadas a su ordenador y gestionadas por terceros (ej. redes sociales).<\/p>\n<table>\n<thead>\n<tr>\n<th>Servidor dese el que se env\u00eda<\/th>\n<th>Cookie Tercereos<\/th>\n<th>Finalidad<\/th>\n<th>Caducidad<\/th>\n<th>M\u00e1s informaci\u00f3n<\/th>\n<\/tr>\n<\/thead>\n<tbody>\n<tr>\n<td rowspan=\"2\">facebook.com<\/td>\n<td>fr<\/td>\n<td rowspan=\"2\">Funcionalidad de Facebbok.<\/td>\n<td>90 d\u00edas<\/td>\n<td rowspan=\"2\"><a href=\"https:\/\/www.facebook.com\/policies\/cookies\/\" target=\"_blank\" rel=\"noopener\">Cookies de Facebook\u00a0<\/a>.<br \/>\n<a href=\"https:\/\/www.facebook.com\/PereiraHosteleria\/\" target=\"_blank\" rel=\"noopener\">PEREIRA en Facebook\u00a0<\/a>.<\/td>\n<\/tr>\n<tr>\n<td>Pnl_data<\/td>\n<td>Fin sesi\u00f3n<\/td>\n<\/tr>\n<tr>\n<td rowspan=\"2\">admin.mailchimp.com<\/td>\n<td>PHPSESSID<\/td>\n<td rowspan=\"3\">Estas cookies de MailChimp se instalan al suscribirse al neswletter de PEREIRA.<\/td>\n<td rowspan=\"3\">Fin sesi\u00f3n<\/td>\n<td rowspan=\"3\"><a href=\"http:\/\/kb.mailchimp.com\/es\/accounts\/account-setup\/how-mailchimp-uses-cookies\" target=\"_blank\" rel=\"noopener\">Cookies de MailChimp<\/a><\/td>\n<\/tr>\n<tr>\n<td>PHPSESSDATA<\/td>\n<\/tr>\n<tr>\n<td>us11.admin.mailchimp.com<\/td>\n<td>_AVESTA_ENVIRONMENT<\/td>\n<\/tr>\n<tr>\n<td>goole.com<\/td>\n<td>NID<\/td>\n<td>Anal\u00edtica<\/td>\n<td>6 meses<\/td>\n<td rowspan=\"2\"><a href=\"http:\/\/www.google.es\/intl\/es_ALL\/analytics\/learn\/privacy.html\" target=\"_blank\" rel=\"noopener\">Cookies de Google<\/a><\/td>\n<\/tr>\n<tr>\n<td>google.es<\/td>\n<td>CONSENT<\/td>\n<td>sin clasificar<\/td>\n<td>20 a\u00f1os, 6 meses y 25 d\u00edas<\/td>\n<\/tr>\n<\/tbody>\n<\/table>\n<h2>Navegaci\u00f3n por el sitio web-bloqueo y\/o eliminaci\u00f3n de cookies:<\/h2>\n<p>PEREIRA\u00a0le informa que puede bloquear o deshabilitar las cookies activando la configuraci\u00f3n de su navegador, de forma que le permita rechazar la instalaci\u00f3n de todas las cookies o de algunas de ellas. Si decide bloquear, deshabilitar o eliminar las cookies, podr\u00e1 seguir usando nuestro Sitio Web, aunque el uso de algunos de sus servicios podr\u00eda verse limitado y por tanto su experiencia en nuestro Sitio Web ser menos satisfactoria.<\/p>\n<p>A continuaci\u00f3n le indicamos los links de los principales navegadores y dispositivos para que disponga de toda la informaci\u00f3n para consultar c\u00f3mo gestionar las cookies en su navegador.<\/p>\n<p>Internet Explorer:<\/p>\n<p><a href=\"http:\/\/support.microsoft.com\/kb\/196955\/es\" target=\"_blank\" rel=\"noopener\">Versi\u00f3n 5<\/a><\/p>\n<p><a href=\"http:\/\/support.microsoft.com\/kb\/283185\/es\" target=\"_blank\" rel=\"noopener\">Versi\u00f3n 6<\/a><\/p>\n<p><a href=\"http:\/\/windows.microsoft.com\/es-ES\/windows-vista\/Block-or-allow-cookies\" target=\"_blank\" rel=\"noopener\">Versi\u00f3n 7 y 8<\/a><\/p>\n<p><a href=\"http:\/\/windows.microsoft.com\/es-ES\/windows7\/How-to-manage-cookies-in-Internet-Explorer-9\" target=\"_blank\" rel=\"noopener\">Versi\u00f3n 9<\/a><\/p>\n<p><a href=\"http:\/\/support.apple.com\/kb\/PH5042?viewlocale=es_ES&amp;locale=es_ES\" target=\"_blank\" rel=\"noopener\">Safari<\/a><\/p>\n<p><a href=\"http:\/\/support.apple.com\/kb\/HT1677?viewlocale=es_ES\" target=\"_blank\" rel=\"noopener\">Safari<\/a><\/p>\n<p><a href=\"https:\/\/support.google.com\/chrome\/answer\/95647?hl=es\" target=\"_blank\" rel=\"noopener\">Chrome<\/a><\/p>\n<p><a href=\"http:\/\/support.mozilla.org\/es\/kb\/cookies-informacion-que-los-sitios-web-guardan-en-?redirectlocale=en-US&amp;redirectslug=Cookies\" target=\"_blank\" rel=\"noopener\">Firefox<\/a><\/p>\n<p><a href=\"http:\/\/help.opera.com\/Windows\/11.50\/es-ES\/cookies.html\" target=\"_blank\" rel=\"noopener\">Opera<\/a><\/p>\n<p><a href=\"http:\/\/support.google.com\/android\/?hl=es\" target=\"_blank\" rel=\"noopener\">Android<\/a><\/p>\n<p><a href=\"http:\/\/www.windowsphone.com\/es-ES\/how-to\/wp7\/web\/changing-privacy-and-other-browser-settings\" target=\"_blank\" rel=\"noopener\">Windows Phone<\/a><\/p>\n<p><a href=\"http:\/\/docs.blackberry.com\/en\/smartphone_users\/deliverables\/18578\/Turn_off_cookies_in_the_browser_60_1072866_11.jsp\" target=\"_blank\" rel=\"noopener\">Blackberry<\/a><\/p>\n<p>Una vez le\u00edda toda la informaci\u00f3n facilitada,\u00a0PEREIRA, SA\u00a0informa al usuario, que si prosigue su navegaci\u00f3n por nuestro sitio web sin haber tomado las medidas oportunas de personalizaci\u00f3n de su\/s navegador\/es para impedir la instalaci\u00f3n de las cookies empleadas por el mismo (tal como se ha informado en los apartados anteriores), entendemos que estar\u00e1 prestando su consentimiento para el empleo de las cookies mencionadas.<\/p>\n<\/div><\/div><\/div><\/div><\/div><\/div><\/div><\/section>\n","protected":false},"excerpt":{"rendered":"POLITICA DE COOKIES De conformidad con el art. 22 de la Ley 34\/2002 de Servicios de la Sociedad de la Informaci\u00f3n y Comercio Electr\u00f3nico, seg\u00fan la redacci\u00f3n del mismo dada por el apartado cinco de la disposici\u00f3n final segunda de la Ley 9\/2014, de 9 de mayo, General de Telecomunicaciones, PEREIRA, SA (en adelante PEREIRA)...","protected":false},"author":1,"featured_media":0,"parent":0,"menu_order":0,"comment_status":"closed","ping_status":"closed","template":"","meta":{"_acf_changed":false,"inline_featured_image":false,"footnotes":""},"class_list":["post-825","page","type-page","status-publish","hentry"],"acf":[],"yoast_head":"<!-- This site is optimized with the Yoast SEO plugin v27.5 - https:\/\/yoast.com\/product\/yoast-seo-wordpress\/ -->\n<title>Cookies policy - Pereira y Cao<\/title>\n<meta name=\"robots\" content=\"index, follow, max-snippet:-1, max-image-preview:large, max-video-preview:-1\" \/>\n<link rel=\"canonical\" href=\"https:\/\/pereiraycao.es\/politica-de-cookies\/\" \/>\n<meta property=\"og:locale\" content=\"en_US\" \/>\n<meta property=\"og:type\" content=\"article\" \/>\n<meta property=\"og:title\" content=\"Cookies policy - Pereira y Cao\" \/>\n<meta property=\"og:url\" content=\"https:\/\/pereiraycao.es\/politica-de-cookies\/\" \/>\n<meta property=\"og:site_name\" content=\"Pereira y Cao\" \/>\n<meta property=\"article:modified_time\" content=\"2023-11-17T08:58:08+00:00\" \/>\n<meta name=\"twitter:card\" content=\"summary_large_image\" \/>\n<meta name=\"twitter:label1\" content=\"Est. reading time\" \/>\n\t<meta name=\"twitter:data1\" content=\"5 minutes\" \/>\n<script type=\"application\/ld+json\" class=\"yoast-schema-graph\">{\"@context\":\"https:\\\/\\\/schema.org\",\"@graph\":[{\"@type\":\"WebPage\",\"@id\":\"https:\\\/\\\/pereiraycao.es\\\/politica-de-cookies\\\/\",\"url\":\"https:\\\/\\\/pereiraycao.es\\\/politica-de-cookies\\\/\",\"name\":\"Cookies policy - Pereira y Cao\",\"isPartOf\":{\"@id\":\"https:\\\/\\\/pereiraycao.es\\\/#website\"},\"datePublished\":\"2021-06-13T08:25:50+00:00\",\"dateModified\":\"2023-11-17T08:58:08+00:00\",\"breadcrumb\":{\"@id\":\"https:\\\/\\\/pereiraycao.es\\\/politica-de-cookies\\\/#breadcrumb\"},\"inLanguage\":\"en-US\",\"potentialAction\":[{\"@type\":\"ReadAction\",\"target\":[\"https:\\\/\\\/pereiraycao.es\\\/politica-de-cookies\\\/\"]}]},{\"@type\":\"BreadcrumbList\",\"@id\":\"https:\\\/\\\/pereiraycao.es\\\/politica-de-cookies\\\/#breadcrumb\",\"itemListElement\":[{\"@type\":\"ListItem\",\"position\":1,\"name\":\"Portada\",\"item\":\"https:\\\/\\\/pereiraycao.es\\\/en\\\/\"},{\"@type\":\"ListItem\",\"position\":2,\"name\":\"Cookies policy\"}]},{\"@type\":\"WebSite\",\"@id\":\"https:\\\/\\\/pereiraycao.es\\\/#website\",\"url\":\"https:\\\/\\\/pereiraycao.es\\\/\",\"name\":\"Pereira y Cao\",\"description\":\"\",\"potentialAction\":[{\"@type\":\"SearchAction\",\"target\":{\"@type\":\"EntryPoint\",\"urlTemplate\":\"https:\\\/\\\/pereiraycao.es\\\/?s={search_term_string}\"},\"query-input\":{\"@type\":\"PropertyValueSpecification\",\"valueRequired\":true,\"valueName\":\"search_term_string\"}}],\"inLanguage\":\"en-US\"}]}<\/script>\n<!-- \/ Yoast SEO plugin. -->","yoast_head_json":{"title":"Cookies policy - Pereira y Cao","robots":{"index":"index","follow":"follow","max-snippet":"max-snippet:-1","max-image-preview":"max-image-preview:large","max-video-preview":"max-video-preview:-1"},"canonical":"https:\/\/pereiraycao.es\/politica-de-cookies\/","og_locale":"en_US","og_type":"article","og_title":"Cookies policy - Pereira y Cao","og_url":"https:\/\/pereiraycao.es\/politica-de-cookies\/","og_site_name":"Pereira y Cao","article_modified_time":"2023-11-17T08:58:08+00:00","twitter_card":"summary_large_image","twitter_misc":{"Est. reading time":"5 minutes"},"schema":{"@context":"https:\/\/schema.org","@graph":[{"@type":"WebPage","@id":"https:\/\/pereiraycao.es\/politica-de-cookies\/","url":"https:\/\/pereiraycao.es\/politica-de-cookies\/","name":"Cookies policy - Pereira y Cao","isPartOf":{"@id":"https:\/\/pereiraycao.es\/#website"},"datePublished":"2021-06-13T08:25:50+00:00","dateModified":"2023-11-17T08:58:08+00:00","breadcrumb":{"@id":"https:\/\/pereiraycao.es\/politica-de-cookies\/#breadcrumb"},"inLanguage":"en-US","potentialAction":[{"@type":"ReadAction","target":["https:\/\/pereiraycao.es\/politica-de-cookies\/"]}]},{"@type":"BreadcrumbList","@id":"https:\/\/pereiraycao.es\/politica-de-cookies\/#breadcrumb","itemListElement":[{"@type":"ListItem","position":1,"name":"Portada","item":"https:\/\/pereiraycao.es\/en\/"},{"@type":"ListItem","position":2,"name":"Cookies policy"}]},{"@type":"WebSite","@id":"https:\/\/pereiraycao.es\/#website","url":"https:\/\/pereiraycao.es\/","name":"Pereira y Cao","description":"","potentialAction":[{"@type":"SearchAction","target":{"@type":"EntryPoint","urlTemplate":"https:\/\/pereiraycao.es\/?s={search_term_string}"},"query-input":{"@type":"PropertyValueSpecification","valueRequired":true,"valueName":"search_term_string"}}],"inLanguage":"en-US"}]}},"_links":{"self":[{"href":"https:\/\/pereiraycao.es\/en\/wp-json\/wp\/v2\/pages\/825","targetHints":{"allow":["GET"]}}],"collection":[{"href":"https:\/\/pereiraycao.es\/en\/wp-json\/wp\/v2\/pages"}],"about":[{"href":"https:\/\/pereiraycao.es\/en\/wp-json\/wp\/v2\/types\/page"}],"author":[{"embeddable":true,"href":"https:\/\/pereiraycao.es\/en\/wp-json\/wp\/v2\/users\/1"}],"replies":[{"embeddable":true,"href":"https:\/\/pereiraycao.es\/en\/wp-json\/wp\/v2\/comments?post=825"}],"version-history":[{"count":2,"href":"https:\/\/pereiraycao.es\/en\/wp-json\/wp\/v2\/pages\/825\/revisions"}],"predecessor-version":[{"id":2987,"href":"https:\/\/pereiraycao.es\/en\/wp-json\/wp\/v2\/pages\/825\/revisions\/2987"}],"wp:attachment":[{"href":"https:\/\/pereiraycao.es\/en\/wp-json\/wp\/v2\/media?parent=825"}],"curies":[{"name":"wp","href":"https:\/\/api.w.org\/{rel}","templated":true}]}}