{"id":830,"date":"2021-06-13T08:27:51","date_gmt":"2021-06-13T08:27:51","guid":{"rendered":"https:\/\/pre.pereira.es\/?page_id=830"},"modified":"2021-06-13T08:27:51","modified_gmt":"2021-06-13T08:27:51","slug":"privacy-policy","status":"publish","type":"page","link":"https:\/\/pereiraycao.es\/en\/privacy-policy\/","title":{"rendered":"Privacy policy"},"content":{"rendered":"\r\n<h1 class=\"wp-block-heading\">POL\u00cdTICA DE PRIVACIDAD Y PROTECCION DE DATOS PERSONALES<\/h1>\r\nPEREIRA, S.A(en adelante PEREIRA) garantiza la protecci\u00f3n de todos los datos de car\u00e1cter personal que proporcione el Usuario en el Sitio Web\u00a0<a href=\"https:\/\/pereiraycao.es\/\">http:\/\/www.pereira.es<\/a>, (en adelante el \u00a8sitio web\u00a8 y en cumplimiento de lo dispuesto en el Reglamento General de Protecci\u00f3n de Datos (UE) 2016\/679 de 27 de abril de 2016, del Parlamento Europeo y del Consejo, relativo a la protecci\u00f3n de las personas f\u00edsicas en lo que respecta al tratamiento de datos personales y a la libre circulaci\u00f3n de estos datos y por el que se deroga la Directiva 95\/46\/CE (en adelante RGPD) y en la normativa Espa\u00f1ola en materia de protecci\u00f3n y tratamiento de datos de car\u00e1cter personal, le informa:\r\n<h2>a) Responsable del Tratamiento de sus datos\u00a0(datos de contacto del responsable)<\/h2>\r\nPEREIRA, SA\u00a0(en adelante PEREIRA).\r\n\r\nDomicilio: Puerto Pesquero de Vigo, D\u00e1rsena 4 s\/n, 36202, Vigo, Pontevedra, Galicia, Espa\u00f1a.\r\n\r\nTel\u00e9fono: +34 986 44 62 65;\r\n\r\nFax: +34 986 44 34 30;\r\n\r\nEmail: protecciondedatosppm@grupopereira.com\r\n<h2>b)Procedencia, legitimidad, finalidades, plazos conservaci\u00f3n de los datos<\/h2>\r\nb.1 Es voluntario suministrar sus datos personales. No obstante para acceder y\/o utilizar alguno de los servicios disponibles en el \u00a8sitio web\u00a8 ser\u00e1 necesario que el usuario proporcione ciertos datos de car\u00e1cter personal que ser\u00e1n objeto de tratamiento automatizado por parte de PEREIRA. En los casos requeridos (datos incluidos en formularios que deben ser cumplimentados de forma obligatoria para as\u00ed poder atender adecuadamente la petici\u00f3n realizada), la omisi\u00f3n o la negativa de aportar los datos solicitados, imposibilitar\u00e1 que se cumpla con la finalidad mencionada, siendo voluntaria la inclusi\u00f3n de datos en los campos restantes.\r\n\r\nb.2 Legitimaci\u00f3n para el tratamiento de sus datos: PEREIRA pone a su disposici\u00f3n un formulario de contacto, registro, direcciones de correo electr\u00f3nico, direcci\u00f3n postal, tel\u00e9fono y fax para que realice las consultas-gestiones que estime oportunas. El usuario es informado que el env\u00edo de un correo electr\u00f3nico en el que se incluyan datos personales, o la cumplimentaci\u00f3n y env\u00edo de datos a trav\u00e9s del formulario de contacto o registro existente en el \u00a8sitio web\u00a8, implica que la informaci\u00f3n reflejada en esta Pol\u00edtica de Privacidad ha sido le\u00edda y aceptada expresamente y que en consecuencia, otorga su consentimiento inequ\u00edvoco y expreso al tratamiento de sus datos personales.\r\n\r\nb.3\u00a0Finalidad tratamiento de sus datos personales:\u00a0Los datos son recabados con las siguientes finalidades:\r\n\r\n(1) Gesti\u00f3n, estudio y resoluci\u00f3n de consultas, observaciones, sugerencias, o reclamaciones, realizadas a trav\u00e9s del formulario de contacto y\/o correo electr\u00f3nico disponibles en el \u00a8sitio web\u00a8 relativos a informaci\u00f3n general de PEREIRA cuya actividad es la especializaci\u00f3n en el canal hosteler\u00eda Horeca y Colectividades, as\u00ed como sus servicios, productos, marcas comercializadas, instalaciones u otros servicios ofrecidos a trav\u00e9s del \u00a8sitio web\u00a8.\r\n\r\n(2) Gestionar nuestra cartera de clientes potenciales, as\u00ed como el an\u00e1lisis estad\u00edstico de las consultas planteadas por los medios antes indicados (formulario de contacto, email);\r\n\r\n(3) Gestionar su candidatura en nuestros procesos de selecci\u00f3n de personal presentes o futuros (Empleo, pasant\u00edas, becas o pr\u00e1cticas). S\u00f3lo ser\u00e1n tenidos en cuenta las solicitudes de empleo o pr\u00e1cticas que el candidato env\u00ede a trav\u00e9s de los medios indicados en el apartado\u00a0\u00a8trabaja con nosotros\u00a8\u00a0de nuestro sitio web. El candidato autoriza a PEREIRA a: 1) analizar los datos-documentos enviados por el candidato; 2) analizar los perfiles que mantenga en redes sociales profesionales o informaci\u00f3n-contenidos que sean directamente accesibles a trav\u00e9s de buscadores de internet; 4) analizar-valorar la informaci\u00f3n que proporcione en la entrevista de trabajo, con el objetivo de valorar su candidatura y poder, en su caso, ofrecerle un puesto.\r\n\r\n(4) Gestionar su suscripci\u00f3n a nuestra lista de correos para recibir la newsletter o bolet\u00edn de noticias de PEREIRA;\r\n\r\nEl servicio de suscripci\u00f3n a la newsletter se gestiona por medio de MailChimp. El usuario deber\u00e1 prestar su autorizaci\u00f3n previa y expresa mediante dos sistemas sucesivos de verificaci\u00f3n de identidad. Al confirmar su suscripci\u00f3n a nuestra lista de correos, el usuario est\u00e1 autorizando el tratamiento de sus datos con el fin de recibir la newsletter de PEREIRA con noticias sobre la empresa, productos, servicios, ofertas, promociones, etc.\r\n\r\nUd. puede darse de baja en cualquier momento pulsando el enlace que aparece al final del mensaje que recibe en su correo electr\u00f3nico, o dirigiendo una solicitud de ejercicio de su derecho a PEREIRA.\r\n\r\n(5) Asimismo, mediante la aceptaci\u00f3n de la presente Pol\u00edtica de Privacidad, el usuario es informado y autoriza expresamente a que los datos personales facilitados sean incorporados con la finalidad de recibir mediante e-mail y o cualquier otro medio de comunicaci\u00f3n, (de forma enunciativa y no limitativa, telefon\u00eda, SMS, redes sociales), noticias elaboradas por PEREIRA e informaci\u00f3n comercial o promocional de los servicios o productos relativos al \u00e1mbito de actividad de PEREIRA.\r\n\r\nSi Vd. no est\u00e1 de acuerdo en que sus datos personales sean tratados con estos fines, ind\u00edquenoslo por favor enviando un correo electr\u00f3nico a la direcci\u00f3n de email: protecciondedatosppm@grupopereira.com. Ud. tiene derecho de oponerse al tratamiento de sus datos con estos fines, en cada una de las comunicaciones que se le env\u00eden.\r\n\r\n(6) Presencia y seguidores en redes sociales PEREIRA dispone actualmente de perfil una de las principales redes sociales de Internet: Facebook https:\/\/www.facebook.com\/pereiraenlared\/ , sin perjuicio de que pueda disponer en el futuro de perfil en otras redes sociales tales como twitter, instagram, linkedin u otras.\r\n\r\nEl usuario podr\u00e1 unirse a los Grupos que PEREIRA tenga en distintas redes sociales, con la finalidad de compartir comentarios, experiencias acerca de los productos y servicios ofrecidos por PEREIRA y ponerse en contacto con otros miembros del Grupo. El tratamiento que PEREIRA llevar\u00e1 a cabo de los datos de los seguidores de las redes sociales, ser\u00e1 el que la red social correspondiente permita a los perfiles corporativos. PEREIRA ser\u00e1 responsable del tratamiento en relaci\u00f3n con los datos personales publicados por \u00e9sta en la red social (por ejemplo, fotos subidas por PEREIRA en las que aparecen im\u00e1genes de personas f\u00edsicas) o de los datos que los usuarios env\u00eden de forma privada a PEREIRA con el fin de que sean extra\u00eddos con un fin concreto (por ejemplo, comunicaciones para que PEREIRA preste informaci\u00f3n sobre un servicio o producto relativo al \u00e1mbito de su actividad espec\u00edfica).\r\n\r\nPEREIRA, podr\u00e1 informar, a sus seguidores por cualquier v\u00eda que la red social y la ley permitan, sobre sus productos, servicios, ofertas, realizar promociones, concursos, sorteos, as\u00ed como prestar servicios de atenci\u00f3n al cliente. Asimismo se informa al usuario que se incorpore como \u00a8Seguidor en una Red Social\u00a8 que deber\u00e1 aceptar las condiciones de uso y pol\u00edtica de privacidad de la red social correspondiente.\r\n\r\n(7) Participaci\u00f3n en concursos o sorteos: Ciertos servicios prestados a trav\u00e9s del Sitio Web o a trav\u00e9s de los perfiles corporativos en redes sociales (ej. participaci\u00f3n en concursos o sorteos), pueden contener condiciones particulares con previsiones espec\u00edficas en materia de protecci\u00f3n de datos de car\u00e1cter personal. En estos casos, es indispensable su atenta lectura y aceptaci\u00f3n con car\u00e1cter previo a su participaci\u00f3n. Al participar en este tipo de acciones promocionales organizadas por PEREIRA, los datos que facilite ser\u00e1n tratados \u00fanicamente por \u00e9sta para el fin que se haya indicado en el enunciado de dicha acci\u00f3n-actividad.\r\n\r\n(8) En caso que Ud. fuese titular de una imagen personal que hubiese sido captada y difundida a trav\u00e9s de nuestro \u00a8sitio web\u00a8 o perfil corporativo en redes sociales, como participante en cualquier actividad, proyecto o evento organizados por PEREIRA, podr\u00e1 ejercitar en cualquier momento su derecho de revocaci\u00f3n del consentimiento otorgado para la captaci\u00f3n y\/o difusi\u00f3n de dichas im\u00e1genes, dirigiendo comunicaci\u00f3n a PEREIRA a la direcci\u00f3n arriba indicada o a trav\u00e9s de la direcci\u00f3n de correo electr\u00f3nico protecciondedatosppm@grupopereira.com, donde consten claramente los datos de contacto, a la cual deber\u00e1 acompa\u00f1arse fotocopia de su DNI\/NIF o documento equivalente que acredite su identidad.\r\n\r\n(9) Navegaci\u00f3n por la web (cookies): La navegaci\u00f3n por el sitio web o la \u00a8Pol\u00edtica de Cookies\u00a8 de PEREIRA, queda determinada por lo establecido en el documento\u00a0<a href=\"https:\/\/pereiraycao.es\/politica_de_cookies.php\" target=\"_blanck\" rel=\"noopener\">\u00a8Pol\u00edtica de Cookies\u00a8<\/a>.\r\n\r\nb.4) Elaboraci\u00f3n de perfiles: PEREIRA no elaborara perfiles de sus usuarios.\r\n\r\nb.5)\u00a0Plazo de Conservaci\u00f3n de sus Datos:\u00a0Los datos personales proporcionados se conservar\u00e1n mientras se mantenga la relaci\u00f3n-v\u00ednculo con PEREIRA y durante los plazos exigidos por la normativa vigente. En otros casos, los datos se conservar\u00e1n mientras no se solicite su supresi\u00f3n por parte del interesado.\r\n\r\nDatos de los suscriptores al newsletter o bolet\u00edn de noticias: Desde que el usuario se suscribe hasta que se da de baja.\r\n\r\nDatos de usuarios subidos por PEREIRA a p\u00e1ginas y perfiles en redes sociales: Desde que el usuario ofrece su consentimiento hasta que lo retira.\r\n\r\nDatos de los candidatos a pr\u00e1cticas o a puestos de empleo\/empleados: En caso de que el candidato no sea seleccionado, la empresa podr\u00e1 mantener almacenado su curr\u00edculum un m\u00e1ximo de 1 a\u00f1o para incorporarlo a futuras convocatorias de personal, a menos que el candidato manifieste lo contrario.\r\n\r\nEn el caso de que el candidato sea seleccionado y pase a ser trabajador de PEREIRA, los datos-documentaci\u00f3n de car\u00e1cter laboral o relacionada con la seguridad social, ser\u00e1n conservados durante 4 a\u00f1os, seg\u00fan lo dispuesto en la Ley sobre Infracciones y Sanciones en el Orden Social (obligaciones en materia de afiliaci\u00f3n, altas, bajas, cotizaci\u00f3n, pago de salarios) y 5 a\u00f1os la documentaci\u00f3n en materia de prevenci\u00f3n de riesgos laborales.\r\n\r\nDatos de los Clientes: El periodo de conservaci\u00f3n de los datos personales depender\u00e1 del servicio que el Cliente contrate. En cualquier caso, ser\u00e1 el m\u00ednimo necesario, pudiendo mantenerse hasta:\r\n<ul>\r\n \t<li>4 a\u00f1os: (libros de contabilidad y otros libros registros obligatorios seg\u00fan la normativa tributaria que proceda; Arts. 66 y sig. Ley General Tributaria<\/li>\r\n \t<li>6 a\u00f1os: Art. 30 C\u00f3digo de Comercio (libros mercantiles, correspondencia, documentaci\u00f3n y justificantes concernientes a su negocio, facturas);<\/li>\r\n<\/ul>\r\nEn el caso de que los datos fuesen desagregados, los datos podr\u00e1n ser\u00e1n conservados sin plazo de supresi\u00f3n.\r\n<h2>c) Destinatarios de sus datos (de cesiones o transferencias):<\/h2>\r\nLe informamos que sus datos no se ceder\u00e1n a terceros, salvo obligaci\u00f3n legal. Asimismo, mediante la aceptaci\u00f3n de la presente Pol\u00edtica de Privacidad, el usuario es informado y autoriza expresamente a que los datos personales facilitados puedan ser comunicados a otras empresas que conforman Grupo Pereira (Pereira Productos del Mar, S.A, CIF A36642759; Pereira Elaborados, S.A, CIF A36736551; y Pesca y Productos del Mar Olear, S.A, CIF A41883935) para fines de selecci\u00f3n y reclutamiento de personal de cualquiera de las empresas del Grupo y\/o con fines de gesti\u00f3n administrativa, contable y fiscal.\r\n\r\nLe informamos que PEREIRA no ha previsto transferir sus datos personales a un tercer pa\u00eds u organizaci\u00f3n internacional.\r\n<h2>d) Ejercicio de Derechos-Como ejercitar sus derechos:<\/h2>\r\nLos usuarios pueden dirigir una comunicaci\u00f3n por escrito a la direcci\u00f3n de correo electr\u00f3nico protecciondedatosppm@grupopereira.com o al domicilio de PEREIRA arriba mencionado, donde consten claramente sus datos de contacto y petici\u00f3n detallada, adjuntando en ambos casos fotocopia de su DNI u otro documento identificativo equivalente, para solicitar el ejercicio de cualquiera de estos derechos:\r\n<ul>\r\n \t<li>Derecho a solicitar el acceso a los datos personales: el usuario podr\u00e1 preguntar a PEREIRA si esta empresa est\u00e1 tratando sus datos.<\/li>\r\n \t<li>Derecho a solicitar su rectificaci\u00f3n (en caso de que sean incorrectos) o supresi\u00f3n.<\/li>\r\n \t<li>Derecho a solicitar la limitaci\u00f3n de su tratamiento, en cuyo caso los datos \u00fanicamente ser\u00e1n conservados por PEREIRA para el ejercicio o la defensa de reclamaciones.<\/li>\r\n \t<li>Derecho a oponerse al tratamiento: PEREIRA dejar\u00e1 de tratar los datos en la forma que usted indique, salvo que por motivos leg\u00edtimos imperiosos o el ejercicio o la defensa de posibles reclamaciones se tengan que seguir tratando.<\/li>\r\n \t<li>Derecho a la portabilidad de los datos: en caso de que Ud. decida que sus datos sean tratados por otra empresa, PEREIRA le facilitar\u00e1 la portabilidad de sus datos al nuevo responsable.<\/li>\r\n<\/ul>\r\nPosibilidad de retirar el consentimiento:\u00a0en el caso de que se haya otorgado el consentimiento para alguna finalidad espec\u00edfica (ej. tratamiento de sus datos con fines publicitarios- promocionales) usted tiene derecho a retirar el consentimiento en cualquier momento, sin que ello afecte a la licitud del tratamiento basado en el consentimiento previo a su retirada.\r\n\r\nReclamaci\u00f3n ante la Autoridad de Control:\u00a0Si un usuario no est\u00e1 de acuerdo con la forma en que PEREIRA est\u00e1 tratando sus datos, puede dirigir una reclamaci\u00f3n a la Agencia Espa\u00f1ola de Protecci\u00f3n de Datos:\u00a0<a href=\"https:\/\/www.agpd.es\/\">Agencia Espa\u00f1ola de Protecci\u00f3n de Datos<\/a>\r\n\r\nM\u00e1s informaci\u00f3n sobre sus derechos, Modelos, formularios:\u00a0Ud. tiene derecho a dirigirse a la Agencia Espa\u00f1ola de Protecci\u00f3n de Datos\u00a0<a href=\"https:\/\/www.agpd.es\/\">Agencia Espa\u00f1ola de Protecci\u00f3n de Datos<\/a>\u00a0para obtener informaci\u00f3n adicional acerca de sus derechos.\r\n<h2>e) Informaci\u00f3n adicional<\/h2>\r\ne.1) Todos los datos de car\u00e1cter personal facilitados a PEREIRA ser\u00e1n tratados por \u00e9sta de acuerdo con el Reglamento General de Protecci\u00f3n de Datos (UE) 2016\/679 (RGPD) y en la normativa Espa\u00f1ola en materia de protecci\u00f3n y tratamiento de datos de car\u00e1cter personal. Sus datos quedar\u00e1n incorporados en nuestro fichero o base de datos, denominado USUARIOS DE LA WEB creado y mantenido bajo la responsabilidad de PEREIRA.\r\n\r\ne.2) PEREIRA ha adoptado las medidas de seguridad de \u00edndole t\u00e9cnica y organizativa exigidas en la legislaci\u00f3n vigente en materia de protecci\u00f3n de datos de car\u00e1cter personal. Para ello se han establecido todos los medios y mecanismos necesarios para evitar la alteraci\u00f3n, p\u00e9rdida, mal uso, tratamiento y acceso no autorizado o robo de los mismos habida cuenta del estado de la tecnolog\u00eda. No obstante, deber\u00e1 tener en cuenta que las medidas en Internet, debido a su naturaleza y car\u00e1cter global, no son inquebrantables.\r\n\r\ne.3) En caso de facilitarnos datos de car\u00e1cter personal de otras personas, deber\u00e1 hacerlo con su consentimiento y haberles informado, con car\u00e1cter previo, de los extremos contenidos en esta cl\u00e1usula. Rogamos nos comunique cualquier variaci\u00f3n que pueda darse en los datos facilitados.\r\n\r\ne.4) Los servicios prestados por PEREIRA est\u00e1n dirigidos a mayores de 13 a\u00f1os. El Usuario certifica que es mayor de 13 a\u00f1os y que por lo tanto posee la capacidad legal necesaria para la prestaci\u00f3n del consentimiento en cuento al tratamiento de sus datos de car\u00e1cter personal y todo ello, de conformidad con lo establecido en la presente Pol\u00edtica de Privacidad. En el supuesto de que se desarrollara alg\u00fan servicio dirigido espec\u00edficamente a menores de dicha edad, PEREIRA solicitar\u00e1 la conformidad de los padres o tutores para la recogida de los datos personales y\/o para el tratamiento automatizado de los mismos.\r\n<h2>f) Aceptaci\u00f3n de la Pol\u00edtica de Privacidad:<\/h2>\r\nA trav\u00e9s de la aceptaci\u00f3n de la presente pol\u00edtica de privacidad, Usted autoriza a PEREIRA al tratamiento de sus datos de car\u00e1cter personal y todo ello de conformidad con lo establecido en los p\u00e1rrafos anteriores.\r\n\r\n","protected":false},"excerpt":{"rendered":"<p>POL\u00cdTICA DE PRIVACIDAD Y PROTECCION DE DATOS PERSONALES PEREIRA, S.A(en adelante PEREIRA) garantiza la protecci\u00f3n de todos los datos de car\u00e1cter personal que proporcione el Usuario en el Sitio Web\u00a0http:\/\/www.pereira.es, (en adelante el \u00a8sitio web\u00a8 y en cumplimiento de lo dispuesto en el Reglamento General de Protecci\u00f3n de Datos (UE) 2016\/679 de 27 de abril&#8230;<\/p>\n","protected":false},"author":1,"featured_media":0,"parent":0,"menu_order":0,"comment_status":"closed","ping_status":"closed","template":"","meta":{"_acf_changed":false,"inline_featured_image":false,"footnotes":""},"class_list":["post-830","page","type-page","status-publish","hentry"],"acf":[],"yoast_head":"<!-- This site is optimized with the Yoast SEO plugin v27.4 - https:\/\/yoast.com\/product\/yoast-seo-wordpress\/ -->\n<title>Privacy policy - Pereira y Cao<\/title>\n<meta name=\"description\" content=\"POL\u00cdTICA DE PRIVACIDAD Y PROTECCION DE DATOS PERSONALES PEREIRA, S.A(en adelante PEREIRA) garantiza la protecci\u00f3n de todos los datos de car\u00e1cter personal\" \/>\n<meta name=\"robots\" content=\"index, follow, max-snippet:-1, max-image-preview:large, max-video-preview:-1\" \/>\n<link rel=\"canonical\" href=\"https:\/\/pereiraycao.es\/en\/privacy-policy\/\" \/>\n<meta property=\"og:locale\" content=\"en_US\" \/>\n<meta property=\"og:type\" content=\"article\" \/>\n<meta property=\"og:title\" content=\"Privacy policy - Pereira y Cao\" \/>\n<meta property=\"og:description\" content=\"POL\u00cdTICA DE PRIVACIDAD Y PROTECCION DE DATOS PERSONALES PEREIRA, S.A(en adelante PEREIRA) garantiza la protecci\u00f3n de todos los datos de car\u00e1cter personal\" \/>\n<meta property=\"og:url\" content=\"https:\/\/pereiraycao.es\/en\/privacy-policy\/\" \/>\n<meta property=\"og:site_name\" content=\"Pereira y Cao\" \/>\n<meta name=\"twitter:card\" content=\"summary_large_image\" \/>\n<meta name=\"twitter:label1\" content=\"Est. reading time\" \/>\n\t<meta name=\"twitter:data1\" content=\"13 minutes\" \/>\n<script type=\"application\/ld+json\" class=\"yoast-schema-graph\">{\"@context\":\"https:\\\/\\\/schema.org\",\"@graph\":[{\"@type\":\"WebPage\",\"@id\":\"https:\\\/\\\/pereiraycao.es\\\/en\\\/privacy-policy\\\/\",\"url\":\"https:\\\/\\\/pereiraycao.es\\\/en\\\/privacy-policy\\\/\",\"name\":\"Privacy policy - Pereira y Cao\",\"isPartOf\":{\"@id\":\"https:\\\/\\\/pereiraycao.es\\\/#website\"},\"datePublished\":\"2021-06-13T08:27:51+00:00\",\"description\":\"POL\u00cdTICA DE PRIVACIDAD Y PROTECCION DE DATOS PERSONALES PEREIRA, S.A(en adelante PEREIRA) garantiza la protecci\u00f3n de todos los datos de car\u00e1cter personal\",\"breadcrumb\":{\"@id\":\"https:\\\/\\\/pereiraycao.es\\\/en\\\/privacy-policy\\\/#breadcrumb\"},\"inLanguage\":\"en-US\",\"potentialAction\":[{\"@type\":\"ReadAction\",\"target\":[\"https:\\\/\\\/pereiraycao.es\\\/en\\\/privacy-policy\\\/\"]}]},{\"@type\":\"BreadcrumbList\",\"@id\":\"https:\\\/\\\/pereiraycao.es\\\/en\\\/privacy-policy\\\/#breadcrumb\",\"itemListElement\":[{\"@type\":\"ListItem\",\"position\":1,\"name\":\"Portada\",\"item\":\"https:\\\/\\\/pereiraycao.es\\\/en\\\/\"},{\"@type\":\"ListItem\",\"position\":2,\"name\":\"Privacy policy\"}]},{\"@type\":\"WebSite\",\"@id\":\"https:\\\/\\\/pereiraycao.es\\\/#website\",\"url\":\"https:\\\/\\\/pereiraycao.es\\\/\",\"name\":\"Pereira y Cao\",\"description\":\"\",\"potentialAction\":[{\"@type\":\"SearchAction\",\"target\":{\"@type\":\"EntryPoint\",\"urlTemplate\":\"https:\\\/\\\/pereiraycao.es\\\/?s={search_term_string}\"},\"query-input\":{\"@type\":\"PropertyValueSpecification\",\"valueRequired\":true,\"valueName\":\"search_term_string\"}}],\"inLanguage\":\"en-US\"}]}<\/script>\n<!-- \/ Yoast SEO plugin. -->","yoast_head_json":{"title":"Privacy policy - Pereira y Cao","description":"POL\u00cdTICA DE PRIVACIDAD Y PROTECCION DE DATOS PERSONALES PEREIRA, S.A(en adelante PEREIRA) garantiza la protecci\u00f3n de todos los datos de car\u00e1cter personal","robots":{"index":"index","follow":"follow","max-snippet":"max-snippet:-1","max-image-preview":"max-image-preview:large","max-video-preview":"max-video-preview:-1"},"canonical":"https:\/\/pereiraycao.es\/en\/privacy-policy\/","og_locale":"en_US","og_type":"article","og_title":"Privacy policy - Pereira y Cao","og_description":"POL\u00cdTICA DE PRIVACIDAD Y PROTECCION DE DATOS PERSONALES PEREIRA, S.A(en adelante PEREIRA) garantiza la protecci\u00f3n de todos los datos de car\u00e1cter personal","og_url":"https:\/\/pereiraycao.es\/en\/privacy-policy\/","og_site_name":"Pereira y Cao","twitter_card":"summary_large_image","twitter_misc":{"Est. reading time":"13 minutes"},"schema":{"@context":"https:\/\/schema.org","@graph":[{"@type":"WebPage","@id":"https:\/\/pereiraycao.es\/en\/privacy-policy\/","url":"https:\/\/pereiraycao.es\/en\/privacy-policy\/","name":"Privacy policy - Pereira y Cao","isPartOf":{"@id":"https:\/\/pereiraycao.es\/#website"},"datePublished":"2021-06-13T08:27:51+00:00","description":"POL\u00cdTICA DE PRIVACIDAD Y PROTECCION DE DATOS PERSONALES PEREIRA, S.A(en adelante PEREIRA) garantiza la protecci\u00f3n de todos los datos de car\u00e1cter personal","breadcrumb":{"@id":"https:\/\/pereiraycao.es\/en\/privacy-policy\/#breadcrumb"},"inLanguage":"en-US","potentialAction":[{"@type":"ReadAction","target":["https:\/\/pereiraycao.es\/en\/privacy-policy\/"]}]},{"@type":"BreadcrumbList","@id":"https:\/\/pereiraycao.es\/en\/privacy-policy\/#breadcrumb","itemListElement":[{"@type":"ListItem","position":1,"name":"Portada","item":"https:\/\/pereiraycao.es\/en\/"},{"@type":"ListItem","position":2,"name":"Privacy policy"}]},{"@type":"WebSite","@id":"https:\/\/pereiraycao.es\/#website","url":"https:\/\/pereiraycao.es\/","name":"Pereira y Cao","description":"","potentialAction":[{"@type":"SearchAction","target":{"@type":"EntryPoint","urlTemplate":"https:\/\/pereiraycao.es\/?s={search_term_string}"},"query-input":{"@type":"PropertyValueSpecification","valueRequired":true,"valueName":"search_term_string"}}],"inLanguage":"en-US"}]}},"_links":{"self":[{"href":"https:\/\/pereiraycao.es\/en\/wp-json\/wp\/v2\/pages\/830","targetHints":{"allow":["GET"]}}],"collection":[{"href":"https:\/\/pereiraycao.es\/en\/wp-json\/wp\/v2\/pages"}],"about":[{"href":"https:\/\/pereiraycao.es\/en\/wp-json\/wp\/v2\/types\/page"}],"author":[{"embeddable":true,"href":"https:\/\/pereiraycao.es\/en\/wp-json\/wp\/v2\/users\/1"}],"replies":[{"embeddable":true,"href":"https:\/\/pereiraycao.es\/en\/wp-json\/wp\/v2\/comments?post=830"}],"version-history":[{"count":1,"href":"https:\/\/pereiraycao.es\/en\/wp-json\/wp\/v2\/pages\/830\/revisions"}],"predecessor-version":[{"id":831,"href":"https:\/\/pereiraycao.es\/en\/wp-json\/wp\/v2\/pages\/830\/revisions\/831"}],"wp:attachment":[{"href":"https:\/\/pereiraycao.es\/en\/wp-json\/wp\/v2\/media?parent=830"}],"curies":[{"name":"wp","href":"https:\/\/api.w.org\/{rel}","templated":true}]}}