{"id":845,"date":"2021-06-13T08:38:16","date_gmt":"2021-06-13T08:38:16","guid":{"rendered":"https:\/\/pre.pereira.es\/?page_id=845"},"modified":"2023-11-14T17:59:55","modified_gmt":"2023-11-14T15:59:55","slug":"legal-notice","status":"publish","type":"page","link":"https:\/\/pereiraycao.es\/en\/legal-notice\/","title":{"rendered":"Legal notice"},"content":{"rendered":"<h2>CONDICIONES GENERALES DE USO\u00a0<a href=\"https:\/\/www.pereirahosteleria.es\/\">https:\/\/www.pereirahosteleria.es\/<\/a><\/h2>\n<p>El Sitio Web\u00a0<a href=\"https:\/\/www.pereirahosteleria.es\/\">https:\/\/www.pereirahosteleria.es<\/a>\u00a0es titularidad de PEREIRA HOSTELER\u00cdA, S.A (en adelante PEREIRA HOSTELERIA) con CIF A27707272, inscrita en el Registro Mercantil de Pontevedra, tomo 3433, libro 3433, Folio 79, Secci\u00f3n 14\u00aa, Hoja PO 45326, con domicilio en Puerto Pesquero de Vigo, D\u00e1rsena 4 s\/n, 36202, Vigo, Pontevedra, Galicia, Espa\u00f1a.<\/p>\n<p>Podr\u00e1 contactar con PEREIRA HOSTELER\u00cdA en nuestro domicilio, a trav\u00e9s del tel\u00e9fono +34 986 44 62 65, o por correo electr\u00f3nico en la\u00a0<a href=\"mailto:protecciondedatosppm@grupopereira.com\" target=\"_blank\" rel=\"noopener\">protecciondedatosppm@grupopereira.com<\/a>.<\/p>\n<p>En estos t\u00e9rminos legales haremos referencia indistintamente a\u00a0<a href=\"https:\/\/www.pereirahosteleria.es\/\">https:\/\/www.pereirahosteleria.es<\/a>\u00a0o al \u00a8Sitio Web\u00a8.<\/p>\n<h3>1.- Datos del Titular del sitio web:<\/h3>\n<p>PEREIRA HOSTELERIA, S.A<\/p>\n<ul>\n<li><span class=\"text-important-soft\">CIF:<\/span>\u00a0A27707272<\/li>\n<li><span class=\"text-important-soft\">Domicilio:<\/span>\u00a0Puerto Pesquero de Vigo, D\u00e1rsena 4 s\/n, 36202, Vigo, Pontevedra, Galicia, Espa\u00f1a<\/li>\n<li>Tel\u00e9fono: +34 986 44 62 65<\/li>\n<li>Fax: +34 986 44 34 30<\/li>\n<li>Email contacto:\u00a0<a href=\"mailto:protecciondedatosppm@grupopereira.com\" target=\"_blank\" rel=\"noopener\">protecciondedatosppm@grupopereira.com<\/a><\/li>\n<li><span class=\"text-important\">Inscripci\u00f3n en Registros<\/span>:\n<ul>\n<li>Registro Mercantil de Pontevedra, tomo 3433, libro 3433, Folio 79, Secci\u00f3n 14\u00aa, Hoja PO 45326<\/li>\n<li>Registro General de la Agencia Espa\u00f1ola de Protecci\u00f3n de Datos<\/li>\n<li>Ficheros Registrados: \u00a8Agenda y Correo Electr\u00f3nico\u00a8; \u00a8Clientes y Proveedores\u00a8; \u00a8N\u00f3minas y Personal\u00a8; \u00a8Usuarios de la Web\u00a8 y \u00a8Videovigilancia\u00a8.<\/li>\n<\/ul>\n<\/li>\n<li><span class=\"text-important\">Dominios de PEREIRA HOSTELERIA, S.A<\/span>\u00a0<strong>(en adelante el \u00a8sitio web\u00a8).<\/strong>\n<ul>\n<li><a href=\"http:\/\/www.pereirahosteleria.es\/\" target=\"_blank\" rel=\"noopener\">http:\/\/www.pereirahosteleria.es<\/a><\/li>\n<\/ul>\n<\/li>\n<\/ul>\n<h3>2.- Objeto<\/h3>\n<p>El \u00a8Sitio Web\u00a8 se pone a disposici\u00f3n de los usuarios, con el fin de proporcionar informaci\u00f3n sobre los productos y servicios de PEREIRA HOSTELER\u00cdA, as\u00ed como permitir la prestaci\u00f3n de distintos servicios a trav\u00e9s del mismo. PEREIRA HOSTELER\u00cdA es una empresa dedicada a la distribuci\u00f3n de productos alimenticios destinados a Colectividades (Hospitales, Colegios, Residencias de Mayores, etc) y al Canal Horeca (hoteles, restaurantes, cafeter\u00edas, bares de tapas, kioscos, locales sin cocina, etc).<\/p>\n<p>PEREIRA HOSTELER\u00cdA suministra el contenido y los servicios que est\u00e1n disponibles en el \u00a8Sitio Web\u00a8, con sujeci\u00f3n a las presentes Condiciones Generales de Uso (Aviso Legal) as\u00ed como lo establecido en la pol\u00edtica sobre tratamiento de datos personales (en adelante, la\u00a0<a href=\"https:\/\/pereiraycao.es\/politica-de-privacidad.php\">&#8220;Pol\u00edtica de Privacidad&#8221;<\/a>\u00a0y la\u00a0<a href=\"https:\/\/pereiraycao.es\/politica-de-cookies.php\">\u00a8Pol\u00edtica de Cookies\u00a8<\/a>. El acceso a este \u00a8Sitio Web\u00a8 o su utilizaci\u00f3n en cualquier forma, le otorga la calificaci\u00f3n de &#8220;Usuario&#8221; e implica la aceptaci\u00f3n de todas y cada una de las presentes Condiciones Generales de Uso, reserv\u00e1ndose PEREIRA HOSTELER\u00cdA el derecho a modificar el contenido del Sitio Web sin que exista obligaci\u00f3n de preavisar o poner en conocimiento de los Usuarios los cambios efectuados, entendi\u00e9ndose como suficiente con la publicaci\u00f3n en el presente Sitio Web. En consecuencia, ser\u00e1 responsabilidad de todo\u00a0 Usuario, la atenta lectura de este documento en cada una de las ocasiones en que acceda a este \u00a8Sitio Web\u00a8, por lo que si no est\u00e1 de acuerdo con cualquiera de los t\u00e9rminos aqu\u00ed dispuestos, deber\u00e1 abstenerse respecto al uso del mismo.<\/p>\n<p>Asimismo, el Usuario queda advertido de que, en ocasiones, se podr\u00e1n establecer condiciones particulares para la utilizaci\u00f3n de contenidos y\/o servicios espec\u00edficos. La utilizaci\u00f3n de dichos contenidos o servicios implicar\u00e1 la aceptaci\u00f3n de las condiciones particulares en ellos especificadas.<\/p>\n<h3>3.- Servicios (en adelante los \u201cServicios\u201d).<\/h3>\n<p>A trav\u00e9s del \u00a8Sitio Web\u00a8, ofrecemos a los Usuarios los servicios que se describen a continuaci\u00f3n:<\/p>\n<ul>\n<li>Acceder a informaci\u00f3n corporativa de PEREIRA HOSTELER\u00cdA, servicios al sector Colectividades y Horeca, productos y marcas comercializadas, nuestros recetarios, e informaci\u00f3n corporativa;<\/li>\n<li>Poder efectuar consultas o enviar sugerencias a trav\u00e9s del formulario de\u00a0<a href=\"https:\/\/pereiraycao.es\/Pereirahosteleria.es\/contacto.php\" target=\"_blank\" rel=\"noopener\">contacto<\/a>\u00a0existente en el \u00a8Sitio Web\u00a8;<\/li>\n<li>Suscribirse a la lista de correos para recibir la newsletter o bolet\u00edn de noticias;<\/li>\n<li>Acceder a la secci\u00f3n \u00a8trabaja con nosotros\u00a8 \u00a0en el que encontrar\u00e1 la informaci\u00f3n de contacto para el env\u00edo de solicitudes de candidaturas con la finalidad de poder participar en futuros procesos de selecci\u00f3n de personal.<\/li>\n<li>Acceder a trav\u00e9s del \u00a8sitio web\u00a8 a nuestro\u00a0<strong>blog<\/strong>\u00a0para descargar recetas y o efectuar comentarios sobre las recetas publicadas;<\/li>\n<li>Seguir a PEREIRA en las Redes Sociales en las que tiene presencia, y cuyos v\u00ednculos son accesibles a trav\u00e9s del \u00a8sitio web\u00a8.<\/li>\n<\/ul>\n<h3>4.- Acceso al \u00a8Sitio Web\u00a8<\/h3>\n<p>El acceso al \u00a8Sitio Web\u00a8 posee car\u00e1cter gratuito, as\u00ed como la informaci\u00f3n que contiene. Asimismo no se exige la previa suscripci\u00f3n o registro como usuario, para el acceso y uso del Sitio Web, sin perjuicio que para determinados servicios le podr\u00edamos requerir determinados datos, en cuyo caso la omisi\u00f3n o la negativa de aportar los datos solicitados, imposibilitar\u00e1 que se cumpla con la finalidad mencionada, siendo voluntaria la inclusi\u00f3n de datos en los campos restantes.<\/p>\n<p>&nbsp;<\/p>\n<h3>5.-Responsabilidad del Usuario<\/h3>\n<ul>\n<li>El usuario ser\u00e1 responsable de la veracidad y exactitud de los datos e informaciones enviados o facilitados a PEREIRA HOSTELER\u00cdA a trav\u00e9s de correo electr\u00f3nico, formularios de contacto o registro u otros medios convencionales como tel\u00e9fono y\/o fax.<\/li>\n<li>El Usuario se compromete a utilizar el \u00a8Sitio Web\u00a8, los contenidos y servicios de conformidad con la ley, el presente Aviso Legal, las buenas costumbres y el orden p\u00fablico.<\/li>\n<li>Del mismo modo el Usuario se obliga a no utilizar el \u00a8Sitio Web\u00a8, sus contenidos o los servicios que se presten a trav\u00e9s \u00e9ste, con fines il\u00edcitos o contrarios al contenido del presente Aviso Legal, lesivos de los derechos o intereses de terceros, o que de cualquier forma pueda inutilizar, da\u00f1ar, o hacer inaccesibles o deteriorar el \u00a8Sitio Web\u00a8, sus contenidos o sus servicios o impedir un normal disfrute de la misma por parte de otros Usuarios.<\/li>\n<li>Asimismo, el Usuario se compromete expresamente a no alterar, destruir, inutilizar o, de cualquier otra forma, da\u00f1ar los datos, informaci\u00f3n, programas o documentos electr\u00f3nicos que se encuentren en el \u00a8Sitio Web\u00a8.<\/li>\n<li>El Usuario se compromete a no introducir programas, virus, o cualquier otro dispositivo l\u00f3gico o secuencia de caracteres que causen o puedan causar cualquier tipo de alteraci\u00f3n o da\u00f1o en los sistemas inform\u00e1ticos de PEREIRA HOSTELER\u00cdA.<\/li>\n<\/ul>\n<h3>6.-Responsabilidad de PEREIRA HOSTELER\u00cdA<\/h3>\n<p>Tanto el acceso al \u00a8Sitio Web\u00a8 de PEREIRA HOSTELER\u00cdA como el uso que pueda efectuarse de la informaci\u00f3n contenida en los mismos es de la exclusiva responsabilidad del usuario.<\/p>\n<p>El \u00a8Sitio Web\u00a8 de PEREIRA HOSTELER\u00cdA contiene informaci\u00f3n, textos, fotograf\u00edas con fines divulgativos o meramente informativos. Los mismos proceden de fuentes consideradas como fiables, y si bien se han tomado medidas razonables para asegurarse de que la informaci\u00f3n contenida sea correcta, no se garantiza que sea exacta, completa, o est\u00e9 actualizada en todo momento, por lo que PEREIRA HOSTELER\u00cdA declina expresamente cualquier responsabilidad por error u omisi\u00f3n en la informaci\u00f3n contenida en el \u00a8Sitio Web\u00a8.<\/p>\n<p>PEREIRA HOSTELER\u00cdA se reserva el derecho a modificar, suspender temporalmente, cancelar o restringir el contenido del \u00a8Sitio Web\u00a8, sin necesidad de previo aviso.<\/p>\n<p>PEREIRA HOSTELER\u00cdA se pone a disposici\u00f3n de los usuarios, autoridades, fuerzas y cuerpos de seguridad, para colaborar de forma activa en la retirada o en su caso bloqueo de todos aquellos contenidos que pudieran contravenir la legislaci\u00f3n nacional, o internacional, la moral y el orden p\u00fablico o afectar derechos de terceros. En caso de que el usuario considere que existe en el \u00a8Sitio Web\u00a8 alg\u00fan contenido que pudiera ser susceptible de esta clasificaci\u00f3n, rogamos se ponga en contacto con PEREIRA HOSTELER\u00cdA a trav\u00e9s de la direcci\u00f3n de correo\u00a0<a href=\"mailto:protecciondedatosppm@grupopereira.com\" target=\"_blank\" rel=\"noopener\">protecciondedatosppm@grupopereira.com<\/a>.<\/p>\n<h3>7.- Enlaces<\/h3>\n<p>Esta web contiene enlaces a otros sitios web o cita el nombre comercial de terceros que o bien se trata de empresas titulares de dominios que forman parte de GRUPO PEREIRA o que previamente han autorizado a PEREIRA HOSTELER\u00cdA la inserci\u00f3n de dichos enlaces. Tales sitios web de titularidad de terceros son responsabilidad de los mismos (en adelante, \u201cSitios Enlazados\u201d).<\/p>\n<p>Si decide visitar cualquier Sitio Enlazado, reconoce y acepta que lo hace bajo su propio criterio y que es su exclusiva responsabilidad tomar todas las medidas necesarias para protegerse contra virus y dem\u00e1s elementos destructivos que pudieran derivarse de aquellos, siendo adem\u00e1s consciente de que le ser\u00e1n aplicables las condiciones de uso (Avisos legales, pol\u00edtica de privacidad, cookies, condiciones generales de contratataci\u00f3n) que establezca el Sitio Enlazado en cuesti\u00f3n, aunque su acceso haya podido ser a trav\u00e9s de un enlace puntual desde este sitio web.<\/p>\n<p>El Usuario acepta exonerar a PEREIRA HOSTELER\u00cdA de cualquier responsabilidad sobre eventuales vulneraciones de derechos de propiedad intelectual o industrial de los titulares de los Sitios Enlazados, de cualquier responsabilidad sobre la disponibilidad t\u00e9cnica de los mismos, la calidad, fiabilidad, exactitud y\/o veracidad de los servicios, informaciones, elementos y\/o contenidos a los que, como usuario, pueda acceder.<\/p>\n<p>El establecimiento de cualquier tipo de enlace por parte de PEREIRA HOSTELER\u00cdA a un Sitio Enlazado de tercero no implica que exista alg\u00fan tipo de relaci\u00f3n, colaboraci\u00f3n o dependencia entre PEREIRA HOSTELER\u00cdA y el responsable del Sitio Enlazado de tercero. PEREIRA HOSTELER\u00cdA no garantiza, representa, patrocina, ni avala ning\u00fan sitio titularidad de terceros enlazados o citados a trav\u00e9s de esta web que no sea titularidad de PEREIRA HOSTELER\u00cdA .<\/p>\n<p>Asimismo PEREIRA HOSTELER\u00cdA informa que no permite el establecimiento de un hiperenlace desde un sitio web ajeno al sitio web de PEREIRA HOSTELER\u00cdA, a menos que disponga del consentimiento previo y expreso para hacerlo.<\/p>\n<h3>8.-Propiedad intelectual e industrial<\/h3>\n<p>Todos los contenidos del Sitio Web, salvo que se indique lo contrario, son titularidad exclusiva de PEREIRA HOSTELER\u00cdA y, con car\u00e1cter enunciativo, que no limitativo, el dise\u00f1o gr\u00e1fico, c\u00f3digo fuente, logos, textos, gr\u00e1ficos, ilustraciones, fotograf\u00edas, y dem\u00e1s elementos que aparecen en el Sitio Web.<\/p>\n<p>Igualmente, todos los nombres comerciales, marcas o signos distintivos de cualquier clase contenidos en el Sitio Web son titularidad de PEREIRA HOSTELER\u00cdA o de terceros y est\u00e1n protegidos por Ley. PEREIRA HOSTELER\u00cdA no concede ning\u00fan tipo de licencia o autorizaci\u00f3n de uso personal al Usuario sobre sus derechos de propiedad intelectual e industrial o sobre cualquier otro derecho relacionado con su Web y los servicios ofrecidos en la misma.<\/p>\n<p>Por ello, el Usuario reconoce que la reproducci\u00f3n, distribuci\u00f3n, comercializaci\u00f3n, transformaci\u00f3n, y en general, cualquier otra forma de explotaci\u00f3n, por cualquier procedimiento, de los contenidos de esta p\u00e1gina Web constituye una infracci\u00f3n de los derechos de propiedad intelectual y\/o industrial de PEREIRA HOSTELER\u00cdA o del titular de los mismos.<\/p>\n<h3>9.- Blog Recetas<\/h3>\n<p>A trav\u00e9s de este \u00a8Sitio Web\u00a8 Ud. podr\u00e1 acceder al \u00a8Sitio Enlazado\u00a8 o\u00a0<strong>blog<\/strong>\u00a0titularidad de una de las empresas del GRUPO PEREIRA, que ofrece a los Usuarios la posibilidad de descargar recetarios, suscribirse a una newsletter para recibir de forma autom\u00e1tica las recetas publicadas en el buz\u00f3n del usuario, as\u00ed como introducir comentarios a las recetas publicadas en dicho blog. El uso de los servicios disponibles a trav\u00e9s del sitio web que aloja el blog antes mencionado, est\u00e1 sujeto al\u00a0<a href=\"https:\/\/www.recetasdepescadoymarisco.com\/aviso-legal\/\" target=\"_blank\" rel=\"noopener\">Aviso Legal<\/a>\u00a0y a la\u00a0<a href=\"https:\/\/www.recetasdepescadoymarisco.com\/politica-de-privacidad\/\" target=\"_blank\" rel=\"noopener\">Pol\u00edtica de Privacidad<\/a>\u00a0existentes en\u00a0<a href=\"https:\/\/www.recetasdepescadoymarisco.com\/\" target=\"_blank\" rel=\"noopener\">https:\/\/www.recetasdepescadoymarisco.com<\/a>, que el usuario deber\u00e1 consultar y aceptar.<\/p>\n<h3>10.-Redes sociales<\/h3>\n<p>PEREIRA HOSTELERIA dispone de perfil en\u00a0<a href=\"https:\/\/www.facebook.com\/pereiraenlared\/\" target=\"_blank\" rel=\"noopener\">Facebook<\/a>;\u00a0<a href=\"https:\/\/www.instagram.com\/pereiraenlared\/\" target=\"_blank\" rel=\"noopener\">Instagram<\/a>;\u00a0<a href=\"https:\/\/twitter.com\/PEREIRAenlared\" target=\"_blank\" rel=\"noopener\">Twitter<\/a>\u00a0y\u00a0<a href=\"https:\/\/www.youtube.com\/channel\/UCjGqvWCKPCD5I29ApFQaL2g\" target=\"_blank\" rel=\"noopener\">Youtube<\/a>.<\/p>\n<p>El usuario podr\u00e1 unirse a los Grupos que PEREIRA HOSTELERIA tenga en distintas redes sociales, con la finalidad de compartir comentarios, experiencias acerca de los productos y servicios ofrecidos por PEREIRA HOSTELERIA y ponerse en contacto con otros miembros del Grupo. El tratamiento que PEREIRA HOSTELERIA llevar\u00e1 a cabo de los datos de los seguidores de las redes sociales, ser\u00e1 el que la red social correspondiente permita a los perfiles corporativos en cada momento.<\/p>\n<p>PEREIRA HOSTELERIA, podr\u00e1 informar a sus seguidores, por medio de las v\u00edas que la red social permita, sobre sus productos, servicios, realizar promociones, concursos, sorteos, as\u00ed como prestar servicios de atenci\u00f3n al cliente.<\/p>\n<p>Asimismo se informa al usuario que se incorpore como \u00a8Seguidor en una Red Social\u00a8 que deber\u00e1 aceptar las condiciones de uso y pol\u00edtica de privacidad de la red social correspondiente.<\/p>\n<h3>11.-Privacidad y Protecci\u00f3n de Datos Personales<\/h3>\n<p>El Usuario podr\u00e1 remitir a PEREIRA HOSTELERIA sus datos de car\u00e1cter personal a trav\u00e9s de los distintos formularios que a tal efecto aparecen incorporados en el \u00a8Sitio Web\u00a8, as\u00ed como por medios convencionales como el tel\u00e9fono, correo electr\u00f3nico y\/o fax, comentarios en el blog y\/o redes sociales.<\/p>\n<p>Los formularios de contacto existentes en el \u00a8Sitio Web\u00a8 incorporan una informaci\u00f3n b\u00e1sica sobre el tratamiento de sus datos personales y un link para acceder a la Pol\u00edtica de Privacidad, todo ello de conformidad con lo dispuesto en el Reglamento General de Protecci\u00f3n de Datos (UE) 2016\/679 de 27 de abril de 2016, del Parlamento Europeo y del Consejo, relativo a la protecci\u00f3n de las personas f\u00edsicas en lo que respecta al tratamiento de datos personales y a la libre circulaci\u00f3n de estos datos y por el que se deroga la Directiva 95\/46\/CE (en adelante RGPD \u00f3 GDPR), as\u00ed como lo dispuesto en la Ley Org\u00e1nica 3\/2018, de 5 de Diciembre, de Protecci\u00f3n de Datos Personales y Garant\u00eda de los Derechos Digitales (LOPDGDD). Rogamos leer atentamente y aceptar expresamente la\u00a0<a href=\"https:\/\/pereiraycao.es\/politica-de-privacidad.php\">\u00a8Pol\u00edtica de Privacidad\u00a8<\/a>\u00a0antes de facilitar sus datos de car\u00e1cter personal.<\/p>\n<h3>12.- Pol\u00edtica de Cookies<\/h3>\n<p>La navegaci\u00f3n por el Sitio Web o la\u00a0<a href=\"https:\/\/pereiraycao.es\/politica-de-cookies.php\">\u00a8Pol\u00edtica de Cookies\u00a8<\/a>\u00a0de PEREIRA HOSTELERIA, queda determinada por lo establecido en el documento \u00a8Pol\u00edtica de Cookies\u00a8.<\/p>\n<h3>13.-Modificaci\u00f3n de las condiciones de uso<\/h3>\n<p>PEREIRA HOSTELERIA se reserva el derecho de desarrollar o actualizar en cualquier momento las condiciones de uso de la presente p\u00e1gina web por lo que el usuario deber\u00e1 leerlas peri\u00f3dicamente.<\/p>\n<h3>14.-Ley aplicable y Jurisdicci\u00f3n<\/h3>\n<p>Las presentes Condiciones Generales de Uso, as\u00ed como el uso del Sitio Web, se regir\u00e1n por la legislaci\u00f3n espa\u00f1ola. Cualquier controversia ser\u00e1 resuelta ante los tribunales de Vigo, Pontevedra.<\/p>\n<p>En el supuesto de que cualquier estipulaci\u00f3n de las presentes Condiciones Generales de Uso resultara inexigible o nula en virtud de la legislaci\u00f3n aplicable o como consecuencia de una resoluci\u00f3n judicial o administrativa, dicha inexigibilidad o nulidad no har\u00e1 que las presentes Condiciones Generales de Uso resulten inexigibles o nulas en su conjunto. En dichos caso, PEREIRA HOSTELERIA proceder\u00e1 a la modificaci\u00f3n o sustituci\u00f3n de dicha estipulaci\u00f3n por otra que sea v\u00e1lida y exigible y que, en la medida de lo posible, consiga el objetivo y pretensi\u00f3n reflejados en la estipulaci\u00f3n original.<\/p>\n<p>PEREIRA HOSTELERIA perseguir\u00e1 el incumplimiento de las presentes Condiciones as\u00ed como cualquier utilizaci\u00f3n indebida del Sitio Web ejerciendo todas las acciones civiles y penales que le puedan corresponder y asistan en derecho.<\/p>\n","protected":false},"excerpt":{"rendered":"<p>CONDICIONES GENERALES DE USO\u00a0https:\/\/www.pereirahosteleria.es\/ El Sitio Web\u00a0https:\/\/www.pereirahosteleria.es\u00a0es titularidad de PEREIRA HOSTELER\u00cdA, S.A (en adelante PEREIRA HOSTELERIA) con CIF A27707272, inscrita en el Registro Mercantil de Pontevedra, tomo 3433, libro 3433, Folio 79, Secci\u00f3n 14\u00aa, Hoja PO 45326, con domicilio en Puerto Pesquero de Vigo, D\u00e1rsena 4 s\/n, 36202, Vigo, Pontevedra, Galicia, Espa\u00f1a. Podr\u00e1 contactar con&#8230;<\/p>\n","protected":false},"author":1,"featured_media":0,"parent":0,"menu_order":0,"comment_status":"closed","ping_status":"closed","template":"","meta":{"_acf_changed":false,"inline_featured_image":false,"footnotes":""},"class_list":["post-845","page","type-page","status-publish","hentry"],"acf":[],"yoast_head":"<!-- This site is optimized with the Yoast SEO plugin v27.5 - https:\/\/yoast.com\/product\/yoast-seo-wordpress\/ -->\n<title>Legal notice - Pereira y Cao<\/title>\n<meta name=\"description\" content=\"CONDICIONES GENERALES DE USO\u00a0https:\/\/www.pereirahosteleria.es\/ El Sitio Web\u00a0https:\/\/www.pereirahosteleria.es\u00a0es titularidad de PEREIRA HOSTELER\u00cdA, S.A (en\" \/>\n<meta name=\"robots\" content=\"index, follow, max-snippet:-1, max-image-preview:large, max-video-preview:-1\" \/>\n<link rel=\"canonical\" href=\"https:\/\/pereiraycao.es\/en\/legal-notice\/\" \/>\n<meta property=\"og:locale\" content=\"en_US\" \/>\n<meta property=\"og:type\" content=\"article\" \/>\n<meta property=\"og:title\" content=\"Legal notice - Pereira y Cao\" \/>\n<meta property=\"og:description\" content=\"CONDICIONES GENERALES DE USO\u00a0https:\/\/www.pereirahosteleria.es\/ El Sitio Web\u00a0https:\/\/www.pereirahosteleria.es\u00a0es titularidad de PEREIRA HOSTELER\u00cdA, S.A (en\" \/>\n<meta property=\"og:url\" content=\"https:\/\/pereiraycao.es\/en\/legal-notice\/\" \/>\n<meta property=\"og:site_name\" content=\"Pereira y Cao\" \/>\n<meta property=\"article:modified_time\" content=\"2023-11-14T15:59:55+00:00\" \/>\n<meta name=\"twitter:card\" content=\"summary_large_image\" \/>\n<meta name=\"twitter:label1\" content=\"Est. reading time\" \/>\n\t<meta name=\"twitter:data1\" content=\"12 minutes\" \/>\n<script type=\"application\/ld+json\" class=\"yoast-schema-graph\">{\"@context\":\"https:\\\/\\\/schema.org\",\"@graph\":[{\"@type\":\"WebPage\",\"@id\":\"https:\\\/\\\/pereiraycao.es\\\/en\\\/legal-notice\\\/\",\"url\":\"https:\\\/\\\/pereiraycao.es\\\/en\\\/legal-notice\\\/\",\"name\":\"Legal notice - Pereira y Cao\",\"isPartOf\":{\"@id\":\"https:\\\/\\\/pereiraycao.es\\\/#website\"},\"datePublished\":\"2021-06-13T08:38:16+00:00\",\"dateModified\":\"2023-11-14T15:59:55+00:00\",\"description\":\"CONDICIONES GENERALES DE USO\u00a0https:\\\/\\\/www.pereirahosteleria.es\\\/ El Sitio Web\u00a0https:\\\/\\\/www.pereirahosteleria.es\u00a0es titularidad de PEREIRA HOSTELER\u00cdA, S.A (en\",\"breadcrumb\":{\"@id\":\"https:\\\/\\\/pereiraycao.es\\\/en\\\/legal-notice\\\/#breadcrumb\"},\"inLanguage\":\"en-US\",\"potentialAction\":[{\"@type\":\"ReadAction\",\"target\":[\"https:\\\/\\\/pereiraycao.es\\\/en\\\/legal-notice\\\/\"]}]},{\"@type\":\"BreadcrumbList\",\"@id\":\"https:\\\/\\\/pereiraycao.es\\\/en\\\/legal-notice\\\/#breadcrumb\",\"itemListElement\":[{\"@type\":\"ListItem\",\"position\":1,\"name\":\"Portada\",\"item\":\"https:\\\/\\\/pereiraycao.es\\\/en\\\/\"},{\"@type\":\"ListItem\",\"position\":2,\"name\":\"Legal notice\"}]},{\"@type\":\"WebSite\",\"@id\":\"https:\\\/\\\/pereiraycao.es\\\/#website\",\"url\":\"https:\\\/\\\/pereiraycao.es\\\/\",\"name\":\"Pereira y Cao\",\"description\":\"\",\"potentialAction\":[{\"@type\":\"SearchAction\",\"target\":{\"@type\":\"EntryPoint\",\"urlTemplate\":\"https:\\\/\\\/pereiraycao.es\\\/?s={search_term_string}\"},\"query-input\":{\"@type\":\"PropertyValueSpecification\",\"valueRequired\":true,\"valueName\":\"search_term_string\"}}],\"inLanguage\":\"en-US\"}]}<\/script>\n<!-- \/ Yoast SEO plugin. -->","yoast_head_json":{"title":"Legal notice - Pereira y Cao","description":"CONDICIONES GENERALES DE USO\u00a0https:\/\/www.pereirahosteleria.es\/ El Sitio Web\u00a0https:\/\/www.pereirahosteleria.es\u00a0es titularidad de PEREIRA HOSTELER\u00cdA, S.A (en","robots":{"index":"index","follow":"follow","max-snippet":"max-snippet:-1","max-image-preview":"max-image-preview:large","max-video-preview":"max-video-preview:-1"},"canonical":"https:\/\/pereiraycao.es\/en\/legal-notice\/","og_locale":"en_US","og_type":"article","og_title":"Legal notice - Pereira y Cao","og_description":"CONDICIONES GENERALES DE USO\u00a0https:\/\/www.pereirahosteleria.es\/ El Sitio Web\u00a0https:\/\/www.pereirahosteleria.es\u00a0es titularidad de PEREIRA HOSTELER\u00cdA, S.A (en","og_url":"https:\/\/pereiraycao.es\/en\/legal-notice\/","og_site_name":"Pereira y Cao","article_modified_time":"2023-11-14T15:59:55+00:00","twitter_card":"summary_large_image","twitter_misc":{"Est. reading time":"12 minutes"},"schema":{"@context":"https:\/\/schema.org","@graph":[{"@type":"WebPage","@id":"https:\/\/pereiraycao.es\/en\/legal-notice\/","url":"https:\/\/pereiraycao.es\/en\/legal-notice\/","name":"Legal notice - Pereira y Cao","isPartOf":{"@id":"https:\/\/pereiraycao.es\/#website"},"datePublished":"2021-06-13T08:38:16+00:00","dateModified":"2023-11-14T15:59:55+00:00","description":"CONDICIONES GENERALES DE USO\u00a0https:\/\/www.pereirahosteleria.es\/ El Sitio Web\u00a0https:\/\/www.pereirahosteleria.es\u00a0es titularidad de PEREIRA HOSTELER\u00cdA, S.A (en","breadcrumb":{"@id":"https:\/\/pereiraycao.es\/en\/legal-notice\/#breadcrumb"},"inLanguage":"en-US","potentialAction":[{"@type":"ReadAction","target":["https:\/\/pereiraycao.es\/en\/legal-notice\/"]}]},{"@type":"BreadcrumbList","@id":"https:\/\/pereiraycao.es\/en\/legal-notice\/#breadcrumb","itemListElement":[{"@type":"ListItem","position":1,"name":"Portada","item":"https:\/\/pereiraycao.es\/en\/"},{"@type":"ListItem","position":2,"name":"Legal notice"}]},{"@type":"WebSite","@id":"https:\/\/pereiraycao.es\/#website","url":"https:\/\/pereiraycao.es\/","name":"Pereira y Cao","description":"","potentialAction":[{"@type":"SearchAction","target":{"@type":"EntryPoint","urlTemplate":"https:\/\/pereiraycao.es\/?s={search_term_string}"},"query-input":{"@type":"PropertyValueSpecification","valueRequired":true,"valueName":"search_term_string"}}],"inLanguage":"en-US"}]}},"_links":{"self":[{"href":"https:\/\/pereiraycao.es\/en\/wp-json\/wp\/v2\/pages\/845","targetHints":{"allow":["GET"]}}],"collection":[{"href":"https:\/\/pereiraycao.es\/en\/wp-json\/wp\/v2\/pages"}],"about":[{"href":"https:\/\/pereiraycao.es\/en\/wp-json\/wp\/v2\/types\/page"}],"author":[{"embeddable":true,"href":"https:\/\/pereiraycao.es\/en\/wp-json\/wp\/v2\/users\/1"}],"replies":[{"embeddable":true,"href":"https:\/\/pereiraycao.es\/en\/wp-json\/wp\/v2\/comments?post=845"}],"version-history":[{"count":2,"href":"https:\/\/pereiraycao.es\/en\/wp-json\/wp\/v2\/pages\/845\/revisions"}],"predecessor-version":[{"id":2797,"href":"https:\/\/pereiraycao.es\/en\/wp-json\/wp\/v2\/pages\/845\/revisions\/2797"}],"wp:attachment":[{"href":"https:\/\/pereiraycao.es\/en\/wp-json\/wp\/v2\/media?parent=845"}],"curies":[{"name":"wp","href":"https:\/\/api.w.org\/{rel}","templated":true}]}}