{"id":3122,"date":"2023-11-27T17:38:41","date_gmt":"2023-11-27T15:38:41","guid":{"rendered":"https:\/\/pereiraycao.es\/paxina-principal\/"},"modified":"2024-03-20T11:03:28","modified_gmt":"2024-03-20T09:03:28","slug":"paxina-principal","status":"publish","type":"page","link":"https:\/\/pereiraycao.es\/gl\/","title":{"rendered":"P\u00e1xina principal"},"content":{"rendered":"<section class=\"l-section wpb_row height_auto width_full with_shape\"><div class=\"l-section-shape type_wave pos_bottom\" style=\"height:5vh;\"><svg xmlns=\"http:\/\/www.w3.org\/2000\/svg\" viewBox=\"0 4 64 4\" preserveAspectRatio=\"none\" width=\"100%\" height=\"100%\">\r\n\t<path fill=\"currentColor\" d=\"M64 6 C32 0 32 12 0 6 L0 8 L64 8 Z\"\/>\r\n<\/svg><\/div><div class=\"l-section-h i-cf\"><div class=\"g-cols vc_row via_flex valign_top type_default stacking_default\"><div class=\"vc_col-sm-12 wpb_column vc_column_container\"><div class=\"vc_column-inner\"><div class=\"wpb_wrapper\"><div class=\"w-image align_none\"><div class=\"w-image-h\"><img loading=\"lazy\" decoding=\"async\" width=\"2560\" height=\"1066\" src=\"https:\/\/pereiraycao.es\/wp-content\/uploads\/2024\/03\/pereira-y-cao-home.jpg\" class=\"attachment-full size-full\" alt=\"\" srcset=\"https:\/\/pereiraycao.es\/wp-content\/uploads\/2024\/03\/pereira-y-cao-home.jpg 2560w, https:\/\/pereiraycao.es\/wp-content\/uploads\/2024\/03\/pereira-y-cao-home-300x125.jpg 300w, https:\/\/pereiraycao.es\/wp-content\/uploads\/2024\/03\/pereira-y-cao-home-1024x426.jpg 1024w, https:\/\/pereiraycao.es\/wp-content\/uploads\/2024\/03\/pereira-y-cao-home-240x100.jpg 240w, https:\/\/pereiraycao.es\/wp-content\/uploads\/2024\/03\/pereira-y-cao-home-600x250.jpg 600w, https:\/\/pereiraycao.es\/wp-content\/uploads\/2024\/03\/pereira-y-cao-home-125x52.jpg 125w\" sizes=\"auto, (max-width: 2560px) 100vw, 2560px\" \/><\/div><\/div><\/div><\/div><\/div><\/div><\/div><\/section><section class=\"l-section wpb_row banner-home-1 height_medium color_primary\"><div class=\"l-section-overlay\" style=\"background:var(--color-header-middle-text-hover)\"><\/div><div class=\"l-section-h i-cf\"><div class=\"g-cols vc_row via_flex valign_top type_default stacking_default\"><div class=\"vc_col-sm-12 wpb_column vc_column_container\"><div class=\"vc_column-inner\"><div class=\"wpb_wrapper\"><div class=\"wpb_text_column\"><div class=\"wpb_wrapper\"><h2 style=\"text-align: center;\">Especializados en hostaler\u00eda e restauraci\u00f3n, contamos cos medios axeitados para prestar servizo directo nas provincias de Pontevedra e Ourense.<\/h2>\n<\/div><\/div><\/div><\/div><\/div><\/div><\/div><\/section><section class=\"l-section wpb_row height_medium\"><div class=\"l-section-h i-cf\"><div class=\"g-cols vc_row via_flex valign_top type_default stacking_default\"><div class=\"vc_col-sm-12 wpb_column vc_column_container\"><div class=\"vc_column-inner\"><div class=\"wpb_wrapper\"><div class=\"wpb_text_column\"><div class=\"wpb_wrapper\"><p>Connosco, restaurantes, bares, cafeter\u00edas, hoteis, food trucks, buffets, pasteler\u00edas, panader\u00edas, c\u00e1tering, entrega a domicilio, comedores de colectividades \u2026 dispo\u00f1en de toda a variedade de produtos que necesitan para as s\u00faas coci\u00f1as.<\/p>\n<\/div><\/div><\/div><\/div><\/div><\/div><\/div><\/section><section class=\"l-section wpb_row height_small\"><div class=\"l-section-h i-cf\"><div class=\"g-cols vc_row via_flex valign_top type_default stacking_default\"><div class=\"vc_col-sm-6 wpb_column vc_column_container\"><div class=\"vc_column-inner us_custom_50cc7d67\"><div class=\"wpb_wrapper\"><div class=\"w-iconbox us_custom_f1fe19ef iconpos_left style_default color_primary align_left icontype_img\"><div class=\"w-iconbox-icon\" style=\"font-size:4rem;\"><img loading=\"lazy\" decoding=\"async\" width=\"1738\" height=\"1738\" src=\"https:\/\/pereiraycao.es\/wp-content\/uploads\/2023\/11\/colectividades.jpg\" class=\"attachment-full size-full\" alt=\"\" srcset=\"https:\/\/pereiraycao.es\/wp-content\/uploads\/2023\/11\/colectividades.jpg 1738w, https:\/\/pereiraycao.es\/wp-content\/uploads\/2023\/11\/colectividades-300x300.jpg 300w, https:\/\/pereiraycao.es\/wp-content\/uploads\/2023\/11\/colectividades-1024x1024.jpg 1024w, https:\/\/pereiraycao.es\/wp-content\/uploads\/2023\/11\/colectividades-150x150.jpg 150w, https:\/\/pereiraycao.es\/wp-content\/uploads\/2023\/11\/colectividades-100x100.jpg 100w, https:\/\/pereiraycao.es\/wp-content\/uploads\/2023\/11\/colectividades-400x400.jpg 400w, https:\/\/pereiraycao.es\/wp-content\/uploads\/2023\/11\/colectividades-125x125.jpg 125w\" sizes=\"auto, (max-width: 1738px) 100vw, 1738px\" \/><\/div><div class=\"w-iconbox-meta\"><h4 class=\"w-iconbox-title\">COLETIVIDADES<\/h4><div class=\"w-iconbox-text\"><div class=\"table-cell\">\n<article>Gama de produtos especiais para <span class=\"negri\"><strong>hospitais, colexios, xeri\u00e1tricos<\/strong>,<\/span> etc\u2026<\/article>\n<\/div>\n<\/div><\/div><\/div><\/div><\/div><\/div><div class=\"vc_col-sm-6 wpb_column vc_column_container\"><div class=\"vc_column-inner us_custom_50cc7d67\"><div class=\"wpb_wrapper\"><div class=\"w-iconbox iconpos_left style_default color_primary align_left icontype_img\"><div class=\"w-iconbox-icon\" style=\"font-size:4rem;\"><img loading=\"lazy\" decoding=\"async\" width=\"1738\" height=\"1738\" src=\"https:\/\/pereiraycao.es\/wp-content\/uploads\/2023\/11\/horeca.jpg\" class=\"attachment-full size-full\" alt=\"\" srcset=\"https:\/\/pereiraycao.es\/wp-content\/uploads\/2023\/11\/horeca.jpg 1738w, https:\/\/pereiraycao.es\/wp-content\/uploads\/2023\/11\/horeca-300x300.jpg 300w, https:\/\/pereiraycao.es\/wp-content\/uploads\/2023\/11\/horeca-1024x1024.jpg 1024w, https:\/\/pereiraycao.es\/wp-content\/uploads\/2023\/11\/horeca-150x150.jpg 150w, https:\/\/pereiraycao.es\/wp-content\/uploads\/2023\/11\/horeca-100x100.jpg 100w, https:\/\/pereiraycao.es\/wp-content\/uploads\/2023\/11\/horeca-400x400.jpg 400w, https:\/\/pereiraycao.es\/wp-content\/uploads\/2023\/11\/horeca-125x125.jpg 125w\" sizes=\"auto, (max-width: 1738px) 100vw, 1738px\" \/><\/div><div class=\"w-iconbox-meta\"><h4 class=\"w-iconbox-title\">CANAL HORECA<\/h4><div class=\"w-iconbox-text\"><div class=\"table-cell\">\n<article>\n<div class=\"wrapper row3\">\n<div id=\"services\" class=\"clear\">\n<div class=\"table\">\n<div class=\"table-row\">\n<div class=\"table-cell\">\n<article>Gama de produtos espec\u00edficos para as necesidades de\u00a0<span class=\"negri\"><strong>hoteis, restaurantes, cafeter\u00edas, taper\u00edas, quioscos, locais sen coci\u00f1a<\/strong>,<\/span>\u00a0etc\u2026<\/article>\n<\/div>\n<\/div>\n<\/div>\n<\/div>\n<\/div>\n<\/article>\n<\/div>\n<\/div><\/div><\/div><\/div><\/div><\/div><\/div><\/div><\/section><section class=\"l-section wpb_row us_custom_a2a8dd78 has_text_color height_small\"><div class=\"l-section-h i-cf\"><div class=\"g-cols vc_row via_flex valign_top type_default stacking_default\"><div class=\"vc_col-sm-12 wpb_column vc_column_container\"><div class=\"vc_column-inner\"><div class=\"wpb_wrapper\"><div class=\"wpb_text_column\"><div class=\"wpb_wrapper\"><h3 style=\"text-align: center;\">O m\u00e1is amplo cat\u00e1logo de produtos de alimentaci\u00f3n para hostaler\u00eda e restauraci\u00f3n.<\/h3>\n<\/div><\/div><\/div><\/div><\/div><\/div><\/div><\/section>\n","protected":false},"excerpt":{"rendered":"Especializados en hostaler\u00eda e restauraci\u00f3n, contamos cos medios axeitados para prestar servizo directo nas provincias de Pontevedra e Ourense. Connosco, restaurantes, bares, cafeter\u00edas, hoteis, food trucks, buffets, pasteler\u00edas, panader\u00edas, c\u00e1tering, entrega a domicilio, comedores de colectividades \u2026 dispo\u00f1en de toda a variedade de produtos que necesitan para as s\u00faas coci\u00f1as. COLETIVIDADES Gama de produtos especiais...","protected":false},"author":1,"featured_media":0,"parent":0,"menu_order":0,"comment_status":"closed","ping_status":"closed","template":"","meta":{"_acf_changed":false,"inline_featured_image":false,"footnotes":""},"class_list":["post-3122","page","type-page","status-publish","hentry"],"acf":[],"yoast_head":"<!-- This site is optimized with the Yoast SEO plugin v27.5 - https:\/\/yoast.com\/product\/yoast-seo-wordpress\/ -->\n<title>Pereira y Cao. O m\u00e1is amplo cat\u00e1logo de produtos de alimentaci\u00f3n para hostaler\u00eda e restauraci\u00f3n.<\/title>\n<meta name=\"description\" content=\"A nosa especializaci\u00f3n en hostaler\u00eda HORECA e Colectividades, perm\u00edtenos cubrir o sur de Galicia cunha capilaridade do 100%. Tam\u00e9n podemos repartir noutras partes da comunidade de Galicia e de Espa\u00f1a mediante transportistas asociados.\" \/>\n<meta name=\"robots\" content=\"index, follow, max-snippet:-1, max-image-preview:large, max-video-preview:-1\" \/>\n<link rel=\"canonical\" href=\"https:\/\/pereiraycao.es\/gl\/\" \/>\n<meta property=\"og:locale\" content=\"gl_ES\" \/>\n<meta property=\"og:type\" content=\"article\" \/>\n<meta property=\"og:title\" content=\"Pereira y Cao. O m\u00e1is amplo cat\u00e1logo de produtos de alimentaci\u00f3n para hostaler\u00eda e restauraci\u00f3n.\" \/>\n<meta property=\"og:description\" content=\"A nosa especializaci\u00f3n en hostaler\u00eda HORECA e Colectividades, perm\u00edtenos cubrir o sur de Galicia cunha capilaridade do 100%. Tam\u00e9n podemos repartir noutras partes da comunidade de Galicia e de Espa\u00f1a mediante transportistas asociados.\" \/>\n<meta property=\"og:url\" content=\"https:\/\/pereiraycao.es\/gl\/\" \/>\n<meta property=\"og:site_name\" content=\"Pereira y Cao\" \/>\n<meta property=\"article:modified_time\" content=\"2024-03-20T09:03:28+00:00\" \/>\n<meta name=\"twitter:card\" content=\"summary_large_image\" \/>\n<meta name=\"twitter:label1\" content=\"Tempo de lectura\" \/>\n\t<meta name=\"twitter:data1\" content=\"1 minuto\" \/>\n<script type=\"application\/ld+json\" class=\"yoast-schema-graph\">{\"@context\":\"https:\\\/\\\/schema.org\",\"@graph\":[{\"@type\":\"WebPage\",\"@id\":\"https:\\\/\\\/pereiraycao.es\\\/gl\\\/\",\"url\":\"https:\\\/\\\/pereiraycao.es\\\/gl\\\/\",\"name\":\"Pereira y Cao. O m\u00e1is amplo cat\u00e1logo de produtos de alimentaci\u00f3n para hostaler\u00eda e restauraci\u00f3n.\",\"isPartOf\":{\"@id\":\"https:\\\/\\\/pereiraycao.es\\\/#website\"},\"datePublished\":\"2023-11-27T15:38:41+00:00\",\"dateModified\":\"2024-03-20T09:03:28+00:00\",\"description\":\"A nosa especializaci\u00f3n en hostaler\u00eda HORECA e Colectividades, perm\u00edtenos cubrir o sur de Galicia cunha capilaridade do 100%. Tam\u00e9n podemos repartir noutras partes da comunidade de Galicia e de Espa\u00f1a mediante transportistas asociados.\",\"breadcrumb\":{\"@id\":\"https:\\\/\\\/pereiraycao.es\\\/gl\\\/#breadcrumb\"},\"inLanguage\":\"gl-ES\",\"potentialAction\":[{\"@type\":\"ReadAction\",\"target\":[\"https:\\\/\\\/pereiraycao.es\\\/gl\\\/\"]}]},{\"@type\":\"BreadcrumbList\",\"@id\":\"https:\\\/\\\/pereiraycao.es\\\/gl\\\/#breadcrumb\",\"itemListElement\":[{\"@type\":\"ListItem\",\"position\":1,\"name\":\"Portada\",\"item\":\"https:\\\/\\\/pereiraycao.es\\\/gl\\\/\"},{\"@type\":\"ListItem\",\"position\":2,\"name\":\"P\u00e1xina principal\"}]},{\"@type\":\"WebSite\",\"@id\":\"https:\\\/\\\/pereiraycao.es\\\/#website\",\"url\":\"https:\\\/\\\/pereiraycao.es\\\/\",\"name\":\"Pereira y Cao\",\"description\":\"\",\"potentialAction\":[{\"@type\":\"SearchAction\",\"target\":{\"@type\":\"EntryPoint\",\"urlTemplate\":\"https:\\\/\\\/pereiraycao.es\\\/?s={search_term_string}\"},\"query-input\":{\"@type\":\"PropertyValueSpecification\",\"valueRequired\":true,\"valueName\":\"search_term_string\"}}],\"inLanguage\":\"gl-ES\"}]}<\/script>\n<!-- \/ Yoast SEO plugin. -->","yoast_head_json":{"title":"Pereira y Cao. O m\u00e1is amplo cat\u00e1logo de produtos de alimentaci\u00f3n para hostaler\u00eda e restauraci\u00f3n.","description":"A nosa especializaci\u00f3n en hostaler\u00eda HORECA e Colectividades, perm\u00edtenos cubrir o sur de Galicia cunha capilaridade do 100%. Tam\u00e9n podemos repartir noutras partes da comunidade de Galicia e de Espa\u00f1a mediante transportistas asociados.","robots":{"index":"index","follow":"follow","max-snippet":"max-snippet:-1","max-image-preview":"max-image-preview:large","max-video-preview":"max-video-preview:-1"},"canonical":"https:\/\/pereiraycao.es\/gl\/","og_locale":"gl_ES","og_type":"article","og_title":"Pereira y Cao. O m\u00e1is amplo cat\u00e1logo de produtos de alimentaci\u00f3n para hostaler\u00eda e restauraci\u00f3n.","og_description":"A nosa especializaci\u00f3n en hostaler\u00eda HORECA e Colectividades, perm\u00edtenos cubrir o sur de Galicia cunha capilaridade do 100%. Tam\u00e9n podemos repartir noutras partes da comunidade de Galicia e de Espa\u00f1a mediante transportistas asociados.","og_url":"https:\/\/pereiraycao.es\/gl\/","og_site_name":"Pereira y Cao","article_modified_time":"2024-03-20T09:03:28+00:00","twitter_card":"summary_large_image","twitter_misc":{"Tempo de lectura":"1 minuto"},"schema":{"@context":"https:\/\/schema.org","@graph":[{"@type":"WebPage","@id":"https:\/\/pereiraycao.es\/gl\/","url":"https:\/\/pereiraycao.es\/gl\/","name":"Pereira y Cao. O m\u00e1is amplo cat\u00e1logo de produtos de alimentaci\u00f3n para hostaler\u00eda e restauraci\u00f3n.","isPartOf":{"@id":"https:\/\/pereiraycao.es\/#website"},"datePublished":"2023-11-27T15:38:41+00:00","dateModified":"2024-03-20T09:03:28+00:00","description":"A nosa especializaci\u00f3n en hostaler\u00eda HORECA e Colectividades, perm\u00edtenos cubrir o sur de Galicia cunha capilaridade do 100%. Tam\u00e9n podemos repartir noutras partes da comunidade de Galicia e de Espa\u00f1a mediante transportistas asociados.","breadcrumb":{"@id":"https:\/\/pereiraycao.es\/gl\/#breadcrumb"},"inLanguage":"gl-ES","potentialAction":[{"@type":"ReadAction","target":["https:\/\/pereiraycao.es\/gl\/"]}]},{"@type":"BreadcrumbList","@id":"https:\/\/pereiraycao.es\/gl\/#breadcrumb","itemListElement":[{"@type":"ListItem","position":1,"name":"Portada","item":"https:\/\/pereiraycao.es\/gl\/"},{"@type":"ListItem","position":2,"name":"P\u00e1xina principal"}]},{"@type":"WebSite","@id":"https:\/\/pereiraycao.es\/#website","url":"https:\/\/pereiraycao.es\/","name":"Pereira y Cao","description":"","potentialAction":[{"@type":"SearchAction","target":{"@type":"EntryPoint","urlTemplate":"https:\/\/pereiraycao.es\/?s={search_term_string}"},"query-input":{"@type":"PropertyValueSpecification","valueRequired":true,"valueName":"search_term_string"}}],"inLanguage":"gl-ES"}]}},"_links":{"self":[{"href":"https:\/\/pereiraycao.es\/gl\/wp-json\/wp\/v2\/pages\/3122","targetHints":{"allow":["GET"]}}],"collection":[{"href":"https:\/\/pereiraycao.es\/gl\/wp-json\/wp\/v2\/pages"}],"about":[{"href":"https:\/\/pereiraycao.es\/gl\/wp-json\/wp\/v2\/types\/page"}],"author":[{"embeddable":true,"href":"https:\/\/pereiraycao.es\/gl\/wp-json\/wp\/v2\/users\/1"}],"replies":[{"embeddable":true,"href":"https:\/\/pereiraycao.es\/gl\/wp-json\/wp\/v2\/comments?post=3122"}],"version-history":[{"count":5,"href":"https:\/\/pereiraycao.es\/gl\/wp-json\/wp\/v2\/pages\/3122\/revisions"}],"predecessor-version":[{"id":3464,"href":"https:\/\/pereiraycao.es\/gl\/wp-json\/wp\/v2\/pages\/3122\/revisions\/3464"}],"wp:attachment":[{"href":"https:\/\/pereiraycao.es\/gl\/wp-json\/wp\/v2\/media?parent=3122"}],"curies":[{"name":"wp","href":"https:\/\/api.w.org\/{rel}","templated":true}]}}