{"id":3414,"date":"2024-03-12T11:26:23","date_gmt":"2024-03-12T09:26:23","guid":{"rendered":"https:\/\/pereiraycao.es\/?page_id=3414"},"modified":"2024-03-12T11:41:55","modified_gmt":"2024-03-12T09:41:55","slug":"politica-de-cookies","status":"publish","type":"page","link":"https:\/\/pereiraycao.es\/gl\/politica-de-cookies\/","title":{"rendered":"Pol\u00edtica de cookies"},"content":{"rendered":"<section class=\"l-section wpb_row height_medium\"><div class=\"l-section-h i-cf\"><div class=\"g-cols vc_row via_flex valign_top type_default stacking_default\"><div class=\"vc_col-sm-12 wpb_column vc_column_container\"><div class=\"vc_column-inner\"><div class=\"wpb_wrapper\"><div class=\"wpb_text_column\"><div class=\"wpb_wrapper\"><h1>POL\u00cdTICA DE COOKIES<\/h1>\n<p>De conformidade co art. 22 da Lei 34\/2002 de Servizos da Sociedade da Informaci\u00f3n e de Comercio Electr\u00f3nico, segundo a s\u00faa redacci\u00f3n dada no apartado quinto da disposici\u00f3n derradeira segunda da Lei 9\/2014, do 9 de maio, Xeral de Telecomunicaci\u00f3ns, PEREIRA, SA (en diante PEREIRA) inf\u00f3rmalle e presta o seu consentimento, para o uso de cookies na nosa web http:\/\/www.pereira.es, ben mediante a aceptaci\u00f3n expresa realizada no aviso existente ou pola mera navegaci\u00f3n na web.<\/p>\n<h2>Que son as cookies<\/h2>\n<p>As &#8220;cookies&#8221; son pequenos ficheiros ou identificadores que se env\u00edan e instalan no terminal do usuario (ordenador, smartphone, tableta) cando se accede a un sitio web e que permiten ao propietario do sitio web almacenar ou recuperar determinada informaci\u00f3n an\u00f3nima sobre diferentes variables, como como o n\u00famero de veces que o usuario visitou a p\u00e1xina.<\/p>\n<h2>Tipos de cookies que pode usar un sitio web:<\/h2>\n<p>Segundo a entidade que os xestiona:<\/p>\n<ul>\n<li>Cookies propias ou internas: as cookies son enviadas e xestionadas exclusivamente por PEREIRA, desde os seus propios equipos ou dominios.<\/li>\n<li>Cookies de terceiros: son aquelas que se env\u00edan ao equipo terminal do usuario desde un equipo ou dominio que non \u00e9 xestionado polo editor, sen\u00f3n por outra entidade que trata os datos obtidos a trav\u00e9s das cookies. No caso de que as cookies se instalen desde un ordenador ou dominio xestionado polo propio editor pero a informaci\u00f3n recollida a trav\u00e9s delas sexa xestionada por un terceiro, non poden ser consideradas como cookies propias.<\/li>\n<\/ul>\n<p>Dependendo da s\u00faa durabilidade ou per\u00edodo de tempo permanecen activados:<\/p>\n<ul>\n<li>Cookies de sesi\u00f3n: Son cookies temporais que almacenan informaci\u00f3n mentres o usuario permanece no sitio (unha sesi\u00f3n), pero elim\u00ednanse ao abandonar o sitio, pechar o navegador ou desconectar a conexi\u00f3n a Internet. A informaci\u00f3n obtida a trav\u00e9s destas cookies util\u00edzase para analizar patr\u00f3ns de tr\u00e1fico na web e perm\u00edtenos ofrecer unha mellor experiencia para mellorar o contido e facilitar o seu uso.<\/li>\n<li>Cookies permanentes e persistentes: os datos recollidos permanecen almacenados no terminal do usuario despois de pechar a sesi\u00f3n, podendo ser consultados polo sitio web cada vez que o usuario realice unha nova visita e durante un per\u00edodo de tempo determinado, que pode ir desde uns minutos. a varios anos.<\/li>\n<\/ul>\n<p>Segundo a s\u00faa finalidade:<\/p>\n<ul>\n<li>Cookies t\u00e9cnicas: permiten a navegaci\u00f3n polo sitio web e o uso das diferentes opci\u00f3ns ou servizos.<\/li>\n<li>Cookies anal\u00edticas: Son aquelas que, xa sexan tratadas por n\u00f3s ou por terceiros, permiten o seguimento e an\u00e1lise do comportamento dos usuarios nos sitios web nos que se atopan, co fin de realizar estudos de tr\u00e1fico para realizar melloras, tomar decisi\u00f3ns baseadas en estat\u00edsticas, etc. etc<\/li>\n<\/ul>\n<p>Cookies de personalizaci\u00f3n<\/p>\n<p>Son aqueles que permiten acceder ao servizo cunhas caracter\u00edsticas predeterminadas en funci\u00f3n dunha serie de criterios, como o tipo de navegador a trav\u00e9s do que se accede ao servizo, o idioma, a configuraci\u00f3n rexional desde a que se accede ao servizo, etc.<\/p>\n<p>Cookies publicitarias<\/p>\n<p>Son aqueles que permiten a xesti\u00f3n de espazos publicitarios que poder\u00edan inclu\u00edrse nunha p\u00e1xina web.<\/p>\n<p>Cookies de publicidade comportamental<\/p>\n<p>Son cookies que almacenan informaci\u00f3n sobre o comportamento do usuario obtida mediante a observaci\u00f3n continua para comprender os h\u00e1bitos de navegaci\u00f3n por Internet e mostrarlle publicidade relacionada co seu perfil de navegaci\u00f3n.<\/p>\n<h2>Tipos de Cookies utilizadas no sitio http:\/\/www.pereira.es<\/h2>\n<ul>\n<li>Propias: Son Cookies enviadas ao teu ordenador e xestionadas exclusivamente por PEREIRA, SA. Inst\u00e1lanse ao navegar por http:\/\/www.pereira.es.<\/li>\n<\/ul>\n<table>\n<thead>\n<tr>\n<th>Servidor dende o que se env\u00eda<\/th>\n<th>Cookie propia<\/th>\n<th>Finalidade<\/th>\n<th>Caducidade<\/th>\n<th>M\u00e1is informaci\u00f3n<\/th>\n<\/tr>\n<\/thead>\n<tbody>\n<tr>\n<td>www.pereirahosteleria.es<\/td>\n<td>estado de cookies<\/td>\n<td>Esta cookie t\u00e9cnica perm\u00edtelle saber se xa se lle mostrou o aviso da pol\u00edtica de cookies do noso sitio web para non volver a mostrar.<\/td>\n<td>1 ano<\/td>\n<td rowspan=\"5\">Pol\u00edtica de cookies de PEREIRA.<\/td>\n<\/tr>\n<tr>\n<td rowspan=\"4\">www.pereirahosteleria.es<\/td>\n<td>_gat<\/td>\n<td>Estritamente necesario. Para a avaliaci\u00f3n das solicitudes de p\u00e1xina.<\/td>\n<td>Finalizar sesi\u00f3n.<\/td>\n<\/tr>\n<tr>\n<td>_ga<\/td>\n<td>Estritamente necesario. Para distinguir usuarios.<\/td>\n<td>2 anos<\/td>\n<\/tr>\n<tr>\n<td>_gid<\/td>\n<td>Cookie de sesi\u00f3n &#8211; sen clasificar<\/td>\n<td>1 d\u00eda<\/td>\n<\/tr>\n<tr>\n<td>PHPSESSID<\/td>\n<td>\u00c9 un identificador de sesi\u00f3n proporcionado polo servidor. Util\u00edzase para identificar un usuario que iniciou sesi\u00f3n no noso sitio web<\/td>\n<td>Finalizar sesi\u00f3n<\/td>\n<\/tr>\n<\/tbody>\n<\/table>\n<p>Terceiros: cookies que se env\u00edan ao seu ordenador e son xestionadas por terceiros (por exemplo, redes sociais).<\/p>\n<table>\n<thead>\n<tr>\n<th>Servidor dende o que se env\u00eda<\/th>\n<th>Cookie de terceiros<\/th>\n<th>Finalidade<\/th>\n<th>Caducidade<\/th>\n<th>M\u00e1is informaci\u00f3n<\/th>\n<\/tr>\n<\/thead>\n<tbody>\n<tr>\n<td rowspan=\"2\">facebook.com<\/td>\n<td>fr<\/td>\n<td rowspan=\"2\">Funcionalidade de Facebook.<\/td>\n<td>90 d\u00edas<\/td>\n<td rowspan=\"2\"><a href=\"https:\/\/translate.google.com\/website?sl=es&amp;tl=gl&amp;hl=es&amp;client=webapp&amp;u=https:\/\/www.facebook.com\/policies\/cookies\/\" target=\"_blank\" rel=\"noopener\">Cookies de Facebook\u00a0<\/a> .<br \/>\n<a href=\"https:\/\/translate.google.com\/website?sl=es&amp;tl=gl&amp;hl=es&amp;client=webapp&amp;u=https:\/\/www.facebook.com\/PereiraHosteleria\/\" target=\"_blank\" rel=\"noopener\">PEREIRA en Facebook\u00a0<\/a> .<\/td>\n<\/tr>\n<tr>\n<td>Datos_pnl<\/td>\n<td>Finalizar sesi\u00f3n<\/td>\n<\/tr>\n<tr>\n<td rowspan=\"2\">admin.mailchimp.com<\/td>\n<td>PHPSESSID<\/td>\n<td rowspan=\"3\">Estas cookies de MailChimp inst\u00e1lanse cando te subscribes ao bolet\u00edn de PEREIRA.<\/td>\n<td rowspan=\"3\">Finalizar sesi\u00f3n<\/td>\n<td rowspan=\"3\"><a href=\"https:\/\/translate.google.com\/website?sl=es&amp;tl=gl&amp;hl=es&amp;client=webapp&amp;u=http:\/\/kb.mailchimp.com\/es\/accounts\/account-setup\/how-mailchimp-uses-cookies\" target=\"_blank\" rel=\"noopener\">Cookies de MailChimp<\/a><\/td>\n<\/tr>\n<tr>\n<td>PHPSESSDATA<\/td>\n<\/tr>\n<tr>\n<td>us11.admin.mailchimp.com<\/td>\n<td>_AVESTA_AMBIENTE<\/td>\n<\/tr>\n<tr>\n<td>goole.com<\/td>\n<td>NID<\/td>\n<td>Anal\u00edtica<\/td>\n<td>6 meses<\/td>\n<td rowspan=\"2\"><a href=\"https:\/\/translate.google.com\/website?sl=es&amp;tl=gl&amp;hl=es&amp;client=webapp&amp;u=http:\/\/www.google.es\/intl\/es_ALL\/analytics\/learn\/privacy.html\" target=\"_blank\" rel=\"noopener\">Cookies de Google<\/a><\/td>\n<\/tr>\n<tr>\n<td>Google \u00e9<\/td>\n<td>CONSENTIMIENTO<\/td>\n<td>sen clasificar<\/td>\n<td>20 anos, 6 meses e 25 d\u00edas<\/td>\n<\/tr>\n<\/tbody>\n<\/table>\n<h2>Navegaci\u00f3n polo sitio web bloqueando e\/ou eliminando cookies:<\/h2>\n<p>PEREIRA inf\u00f3rmalle de que pode bloquear ou desactivar as cookies activando a configuraci\u00f3n do seu navegador, de xeito que lle permita rexeitar a instalaci\u00f3n de todas as cookies ou algunhas delas. Se decide bloquear, desactivar ou eliminar as cookies, poder\u00e1 seguir usando o noso sitio web, a\u00ednda que o uso dalg\u00fans dos seus servizos pode ser limitado e, polo tanto, a s\u00faa experiencia no noso sitio web pode ser menos satisfactoria.<\/p>\n<p>A continuaci\u00f3n indicamos as ligaz\u00f3ns dos principais navegadores e dispositivos para que te\u00f1as toda a informaci\u00f3n para consultar como xestionar as cookies no teu navegador.<\/p>\n<p>Internet Explorer:<\/p>\n<p><a href=\"https:\/\/translate.google.com\/website?sl=es&amp;tl=gl&amp;hl=es&amp;client=webapp&amp;u=http:\/\/support.microsoft.com\/kb\/196955\/es\" target=\"_blank\" rel=\"noopener\">Versi\u00f3n 5<\/a><\/p>\n<p><a href=\"https:\/\/translate.google.com\/website?sl=es&amp;tl=gl&amp;hl=es&amp;client=webapp&amp;u=http:\/\/support.microsoft.com\/kb\/283185\/es\" target=\"_blank\" rel=\"noopener\">Versi\u00f3n 6<\/a><\/p>\n<p><a href=\"https:\/\/translate.google.com\/website?sl=es&amp;tl=gl&amp;hl=es&amp;client=webapp&amp;u=http:\/\/windows.microsoft.com\/es-ES\/windows-vista\/Block-or-allow-cookies\" target=\"_blank\" rel=\"noopener\">Versi\u00f3n 7 e 8<\/a><\/p>\n<p><a href=\"https:\/\/translate.google.com\/website?sl=es&amp;tl=gl&amp;hl=es&amp;client=webapp&amp;u=http:\/\/windows.microsoft.com\/es-ES\/windows7\/How-to-manage-cookies-in-Internet-Explorer-9\" target=\"_blank\" rel=\"noopener\">Versi\u00f3n 9<\/a><\/p>\n<p><a href=\"https:\/\/translate.google.com\/website?sl=es&amp;tl=gl&amp;hl=es&amp;client=webapp&amp;u=http:\/\/support.apple.com\/kb\/PH5042?viewlocale%3Des_ES%26locale%3Des_ES\" target=\"_blank\" rel=\"noopener\">Safari<\/a><\/p>\n<p><a href=\"https:\/\/translate.google.com\/website?sl=es&amp;tl=gl&amp;hl=es&amp;client=webapp&amp;u=http:\/\/support.apple.com\/kb\/HT1677?viewlocale%3Des_ES\" target=\"_blank\" rel=\"noopener\">Safari<\/a><\/p>\n<p><a href=\"https:\/\/translate.google.com\/website?sl=es&amp;tl=gl&amp;hl=es&amp;client=webapp&amp;u=https:\/\/support.google.com\/chrome\/answer\/95647?hl%3Des\" target=\"_blank\" rel=\"noopener\">Chrome<\/a><\/p>\n<p><a href=\"https:\/\/translate.google.com\/website?sl=es&amp;tl=gl&amp;hl=es&amp;client=webapp&amp;u=http:\/\/support.mozilla.org\/es\/kb\/cookies-informacion-que-los-sitios-web-guardan-en-?redirectlocale%3Den-US%26redirectslug%3DCookies\" target=\"_blank\" rel=\"noopener\">Firefox<\/a><\/p>\n<p><a href=\"https:\/\/translate.google.com\/website?sl=es&amp;tl=gl&amp;hl=es&amp;client=webapp&amp;u=http:\/\/help.opera.com\/Windows\/11.50\/es-ES\/cookies.html\" target=\"_blank\" rel=\"noopener\">\u00d3pera<\/a><\/p>\n<p><a href=\"https:\/\/translate.google.com\/website?sl=es&amp;tl=gl&amp;hl=es&amp;client=webapp&amp;u=http:\/\/support.google.com\/android\/?hl%3Des\" target=\"_blank\" rel=\"noopener\">Android<\/a><\/p>\n<p><a href=\"https:\/\/translate.google.com\/website?sl=es&amp;tl=gl&amp;hl=es&amp;client=webapp&amp;u=http:\/\/www.windowsphone.com\/es-ES\/how-to\/wp7\/web\/changing-privacy-and-other-browser-settings\" target=\"_blank\" rel=\"noopener\">Windows Phone<\/a><\/p>\n<p><a href=\"https:\/\/translate.google.com\/website?sl=es&amp;tl=gl&amp;hl=es&amp;client=webapp&amp;u=http:\/\/docs.blackberry.com\/en\/smartphone_users\/deliverables\/18578\/Turn_off_cookies_in_the_browser_60_1072866_11.jsp\" target=\"_blank\" rel=\"noopener\">amora<\/a><\/p>\n<p>Unha vez lida toda a informaci\u00f3n facilitada, PEREIRA, SA informa ao usuario de que se contin\u00faa navegando pola nosa web sen ter adoptado as medidas oportunas para personalizar o\/s seu\/s navegador\/s para impedir a instalaci\u00f3n das cookies utilizadas por este, (segundo se informa no nos apartados anteriores), entendemos que estar\u00e1 dando o seu consentimento para o uso das mencionadas cookies.<\/p>\n<\/div><\/div><\/div><\/div><\/div><\/div><\/div><\/section>\n","protected":false},"excerpt":{"rendered":"POL\u00cdTICA DE COOKIES De conformidade co art. 22 da Lei 34\/2002 de Servizos da Sociedade da Informaci\u00f3n e de Comercio Electr\u00f3nico, segundo a s\u00faa redacci\u00f3n dada no apartado quinto da disposici\u00f3n derradeira segunda da Lei 9\/2014, do 9 de maio, Xeral de Telecomunicaci\u00f3ns, PEREIRA, SA (en diante PEREIRA) inf\u00f3rmalle e presta o seu consentimento, para...","protected":false},"author":1,"featured_media":0,"parent":0,"menu_order":0,"comment_status":"closed","ping_status":"closed","template":"","meta":{"_acf_changed":false,"inline_featured_image":false,"footnotes":""},"class_list":["post-3414","page","type-page","status-publish","hentry"],"acf":[],"yoast_head":"<!-- This site is optimized with the Yoast SEO plugin v27.4 - https:\/\/yoast.com\/product\/yoast-seo-wordpress\/ -->\n<title>Pol\u00edtica de cookies - Pereira y Cao<\/title>\n<meta name=\"robots\" content=\"index, follow, max-snippet:-1, max-image-preview:large, max-video-preview:-1\" \/>\n<link rel=\"canonical\" href=\"https:\/\/pereiraycao.es\/gl\/politica-de-cookies\/\" \/>\n<meta property=\"og:locale\" content=\"gl_ES\" \/>\n<meta property=\"og:type\" content=\"article\" \/>\n<meta property=\"og:title\" content=\"Pol\u00edtica de cookies - Pereira y Cao\" \/>\n<meta property=\"og:url\" content=\"https:\/\/pereiraycao.es\/gl\/politica-de-cookies\/\" \/>\n<meta property=\"og:site_name\" content=\"Pereira y Cao\" \/>\n<meta property=\"article:modified_time\" content=\"2024-03-12T09:41:55+00:00\" \/>\n<meta name=\"twitter:card\" content=\"summary_large_image\" \/>\n<meta name=\"twitter:label1\" content=\"Tempo de lectura\" \/>\n\t<meta name=\"twitter:data1\" content=\"5 minutos\" \/>\n<script type=\"application\/ld+json\" class=\"yoast-schema-graph\">{\"@context\":\"https:\\\/\\\/schema.org\",\"@graph\":[{\"@type\":\"WebPage\",\"@id\":\"https:\\\/\\\/pereiraycao.es\\\/gl\\\/politica-de-cookies\\\/\",\"url\":\"https:\\\/\\\/pereiraycao.es\\\/gl\\\/politica-de-cookies\\\/\",\"name\":\"Pol\u00edtica de cookies - Pereira y Cao\",\"isPartOf\":{\"@id\":\"https:\\\/\\\/pereiraycao.es\\\/#website\"},\"datePublished\":\"2024-03-12T09:26:23+00:00\",\"dateModified\":\"2024-03-12T09:41:55+00:00\",\"breadcrumb\":{\"@id\":\"https:\\\/\\\/pereiraycao.es\\\/gl\\\/politica-de-cookies\\\/#breadcrumb\"},\"inLanguage\":\"gl-ES\",\"potentialAction\":[{\"@type\":\"ReadAction\",\"target\":[\"https:\\\/\\\/pereiraycao.es\\\/gl\\\/politica-de-cookies\\\/\"]}]},{\"@type\":\"BreadcrumbList\",\"@id\":\"https:\\\/\\\/pereiraycao.es\\\/gl\\\/politica-de-cookies\\\/#breadcrumb\",\"itemListElement\":[{\"@type\":\"ListItem\",\"position\":1,\"name\":\"Portada\",\"item\":\"https:\\\/\\\/pereiraycao.es\\\/gl\\\/\"},{\"@type\":\"ListItem\",\"position\":2,\"name\":\"Pol\u00edtica de cookies\"}]},{\"@type\":\"WebSite\",\"@id\":\"https:\\\/\\\/pereiraycao.es\\\/#website\",\"url\":\"https:\\\/\\\/pereiraycao.es\\\/\",\"name\":\"Pereira y Cao\",\"description\":\"\",\"potentialAction\":[{\"@type\":\"SearchAction\",\"target\":{\"@type\":\"EntryPoint\",\"urlTemplate\":\"https:\\\/\\\/pereiraycao.es\\\/?s={search_term_string}\"},\"query-input\":{\"@type\":\"PropertyValueSpecification\",\"valueRequired\":true,\"valueName\":\"search_term_string\"}}],\"inLanguage\":\"gl-ES\"}]}<\/script>\n<!-- \/ Yoast SEO plugin. -->","yoast_head_json":{"title":"Pol\u00edtica de cookies - Pereira y Cao","robots":{"index":"index","follow":"follow","max-snippet":"max-snippet:-1","max-image-preview":"max-image-preview:large","max-video-preview":"max-video-preview:-1"},"canonical":"https:\/\/pereiraycao.es\/gl\/politica-de-cookies\/","og_locale":"gl_ES","og_type":"article","og_title":"Pol\u00edtica de cookies - Pereira y Cao","og_url":"https:\/\/pereiraycao.es\/gl\/politica-de-cookies\/","og_site_name":"Pereira y Cao","article_modified_time":"2024-03-12T09:41:55+00:00","twitter_card":"summary_large_image","twitter_misc":{"Tempo de lectura":"5 minutos"},"schema":{"@context":"https:\/\/schema.org","@graph":[{"@type":"WebPage","@id":"https:\/\/pereiraycao.es\/gl\/politica-de-cookies\/","url":"https:\/\/pereiraycao.es\/gl\/politica-de-cookies\/","name":"Pol\u00edtica de cookies - Pereira y Cao","isPartOf":{"@id":"https:\/\/pereiraycao.es\/#website"},"datePublished":"2024-03-12T09:26:23+00:00","dateModified":"2024-03-12T09:41:55+00:00","breadcrumb":{"@id":"https:\/\/pereiraycao.es\/gl\/politica-de-cookies\/#breadcrumb"},"inLanguage":"gl-ES","potentialAction":[{"@type":"ReadAction","target":["https:\/\/pereiraycao.es\/gl\/politica-de-cookies\/"]}]},{"@type":"BreadcrumbList","@id":"https:\/\/pereiraycao.es\/gl\/politica-de-cookies\/#breadcrumb","itemListElement":[{"@type":"ListItem","position":1,"name":"Portada","item":"https:\/\/pereiraycao.es\/gl\/"},{"@type":"ListItem","position":2,"name":"Pol\u00edtica de cookies"}]},{"@type":"WebSite","@id":"https:\/\/pereiraycao.es\/#website","url":"https:\/\/pereiraycao.es\/","name":"Pereira y Cao","description":"","potentialAction":[{"@type":"SearchAction","target":{"@type":"EntryPoint","urlTemplate":"https:\/\/pereiraycao.es\/?s={search_term_string}"},"query-input":{"@type":"PropertyValueSpecification","valueRequired":true,"valueName":"search_term_string"}}],"inLanguage":"gl-ES"}]}},"_links":{"self":[{"href":"https:\/\/pereiraycao.es\/gl\/wp-json\/wp\/v2\/pages\/3414","targetHints":{"allow":["GET"]}}],"collection":[{"href":"https:\/\/pereiraycao.es\/gl\/wp-json\/wp\/v2\/pages"}],"about":[{"href":"https:\/\/pereiraycao.es\/gl\/wp-json\/wp\/v2\/types\/page"}],"author":[{"embeddable":true,"href":"https:\/\/pereiraycao.es\/gl\/wp-json\/wp\/v2\/users\/1"}],"replies":[{"embeddable":true,"href":"https:\/\/pereiraycao.es\/gl\/wp-json\/wp\/v2\/comments?post=3414"}],"version-history":[{"count":4,"href":"https:\/\/pereiraycao.es\/gl\/wp-json\/wp\/v2\/pages\/3414\/revisions"}],"predecessor-version":[{"id":3426,"href":"https:\/\/pereiraycao.es\/gl\/wp-json\/wp\/v2\/pages\/3414\/revisions\/3426"}],"wp:attachment":[{"href":"https:\/\/pereiraycao.es\/gl\/wp-json\/wp\/v2\/media?parent=3414"}],"curies":[{"name":"wp","href":"https:\/\/api.w.org\/{rel}","templated":true}]}}