{"id":3418,"date":"2024-03-12T11:28:26","date_gmt":"2024-03-12T09:28:26","guid":{"rendered":"https:\/\/pereiraycao.es\/?page_id=3418"},"modified":"2024-03-12T11:43:07","modified_gmt":"2024-03-12T09:43:07","slug":"politica-de-privacidade","status":"publish","type":"page","link":"https:\/\/pereiraycao.es\/gl\/politica-de-privacidade\/","title":{"rendered":"Pol\u00edtica de privacidade"},"content":{"rendered":"<section class=\"l-section wpb_row height_medium\"><div class=\"l-section-h i-cf\"><div class=\"g-cols vc_row via_flex valign_top type_default stacking_default\"><div class=\"vc_col-sm-12 wpb_column vc_column_container\"><div class=\"vc_column-inner\"><div class=\"wpb_wrapper\"><div class=\"wpb_text_column\"><div class=\"wpb_wrapper\"><h1 class=\"wp-block-heading\">POL\u00cdTICA DE PRIVACIDADE E PROTECCI\u00d3N DE DATOS PERSOAIS<\/h1>\n<p>PEREIRA, SA (en diante PEREIRA) garante a protecci\u00f3n de todos os datos persoais facilitados polo Usuario no Sitio Web\u00a0 <a href=\"https:\/\/pereiraycao-cargando-es.translate.goog\/?_x_tr_sl=es&amp;_x_tr_tl=gl&amp;_x_tr_hl=es&amp;_x_tr_pto=wapp\">http:\/\/www.pereira.es<\/a> , (en diante o &#8220;web&#8221; e en cumprimento do disposto no Regulamento Xeral de Protecci\u00f3n de Datos ( UE) 2016\/679, do 27 de abril de 2016, do Parlamento Europeo e do Consello, relativo \u00e1 protecci\u00f3n das persoas f\u00edsicas no que respecta ao tratamento de datos persoais e \u00e1 libre circulaci\u00f3n destes datos e pola que se derroga a Directiva 95\/46\/UE. CE (en diante RGPD) e a normativa espa\u00f1ola sobre protecci\u00f3n e tratamento de datos de car\u00e1cter persoal, inf\u00f3rmalle:<\/p>\n<h2>a) Responsable do tratamento dos seus datos (datos de contacto do responsable)<\/h2>\n<p>PEREIRA, SA (en diante PEREIRA).<\/p>\n<p>Enderezo: Puerto Pesquero de Vigo, D\u00e1rsena 4 s\/n, 36202, Vigo, Pontevedra, Galicia, Espa\u00f1a.<\/p>\n<p>Tel\u00e9fono: +34 986 44 62 65;<\/p>\n<p>Fax: +34 986 44 34 30;<\/p>\n<p>Correo electr\u00f3nico: protecciondedatosppm@grupopereira.com<\/p>\n<h2>b) Orixe, lexitimidade, finalidades, prazos de conservaci\u00f3n dos datos<\/h2>\n<p>b.1 \u00c9 voluntario facilitar os seus datos persoais. Non obstante, para acceder e\/ou utilizar calquera dos servizos dispo\u00f1ibles no \u201csitio web\u201d, ser\u00e1 necesario que o usuario facilite determinados datos persoais que ser\u00e1n obxecto de tratamento automatizado por parte de PEREIRA. Nos supostos requiridos (datos inclu\u00eddos en formularios que deber\u00e1n ser cumprimentados obrigatoriamente para atender adecuadamente \u00e1 solicitude formulada), a omisi\u00f3n ou negativa a facilitar os datos solicitados imposibilitar\u00e1 o cumprimento da mencionada finalidade, sendo a inclusi\u00f3n voluntaria. de datos nos campos restantes.<\/p>\n<p>b.2 Lexitimaci\u00f3n para o tratamento dos seus datos: PEREIRA pon \u00e1 s\u00faa disposici\u00f3n un formulario de contacto, rexistro, enderezos de correo electr\u00f3nico, enderezo postal, tel\u00e9fono e fax para que poida realizar as consultas-xesti\u00f3n que considere oportunas. Inf\u00f3rmase ao usuario de que enviar un correo electr\u00f3nico no que se incl\u00faan datos persoais, ou completar e enviar datos a trav\u00e9s do formulario de contacto ou rexistro existente no &#8220;sitio web&#8221;, implica que a informaci\u00f3n reflectida nesta Pol\u00edtica de Privacidade foi lida e aceptada expresamente e en consecuencia, outorga o seu consentimento inequ\u00edvoco e expreso para o tratamento dos seus datos persoais.<\/p>\n<p>b.3 Finalidade do tratamento dos seus datos persoais: Os datos rec\u00f3llense para os seguintes fins:<\/p>\n<p>(1) Xesti\u00f3n, estudo e resoluci\u00f3n de consultas, observaci\u00f3ns, suxesti\u00f3ns ou queixas, realizadas a trav\u00e9s do formulario de contacto e\/ou correo electr\u00f3nico dispo\u00f1ible na &#8220;web&#8221; relacionada coa informaci\u00f3n xeral de PEREIRA cuxa actividade \u00e9 a especializaci\u00f3n en Horeca e Hostaler\u00eda Colectiva. canle, as\u00ed como os seus servizos, produtos, marcas comercializadas, instalaci\u00f3ns ou outros servizos ofrecidos a trav\u00e9s do \u201csitio web\u201d.<\/p>\n<p>(2) Xestionar a nosa carteira de clientes potenciais, as\u00ed como a an\u00e1lise estat\u00edstica das consultas formuladas a trav\u00e9s dos citados medios (formulario de contacto, correo electr\u00f3nico);<\/p>\n<p>(3) Xestiona a t\u00faa candidatura nos nosos procesos de selecci\u00f3n de persoal actuais ou futuros (Emprego, pr\u00e1cticas, bolsas ou pr\u00e1cticas). S\u00f3 se ter\u00e1n en conta as solicitudes de emprego ou pr\u00e1cticas que o candidato env\u00ede polos medios indicados no apartado &#8220;traballa connosco&#8221; da nosa web. O candidato autoriza a PEREIRA para: 1) analizar os datos-documentos enviados polo candidato; 2) analizar os perf\u00eds mantidos nas redes sociais profesionais ou os contidos de informaci\u00f3n aos que se accede directamente a trav\u00e9s dos buscadores de internet; 4) analizar-valorar a informaci\u00f3n que facilitas na entrevista de traballo, co obxectivo de avaliar a t\u00faa candidatura e poder, se \u00e9 o caso, ofrecerche un posto.<\/p>\n<p>(4) Xestiona a t\u00faa subscrici\u00f3n \u00e1 nosa lista de correo para recibir o bolet\u00edn PEREIRA;<\/p>\n<p>O servizo de subscrici\u00f3n ao bolet\u00edn informativo xestionase a trav\u00e9s de MailChimp. O usuario deber\u00e1 proporcionar autorizaci\u00f3n previa e expresa a trav\u00e9s de dous sistemas sucesivos de verificaci\u00f3n de identidade. Ao confirmar a s\u00faa subscrici\u00f3n \u00e1 nosa lista de correo, o usuario autoriza o tratamento dos seus datos para recibir o bolet\u00edn de PEREIRA con novidades sobre a empresa, produtos, servizos, ofertas, promoci\u00f3ns, etc.<\/p>\n<p>Podes darte de baixa en calquera momento facendo clic na ligaz\u00f3n que aparece ao final da mensaxe que recibes no teu correo electr\u00f3nico, ou ben dirixindo a PEREIRA unha solicitude de exercicio do teu dereito.<\/p>\n<p>(5) As\u00ed mesmo, mediante a aceptaci\u00f3n da presente Pol\u00edtica de Privacidade, o usuario queda informado e autoriza expresamente a incorporaci\u00f3n dos datos persoais facilitados coa finalidade de recibir por correo electr\u00f3nico ou calquera outro medio de comunicaci\u00f3n, (pero non limitativo e non limitativo). , telefon\u00eda, SMS, redes sociais), noticias producidas por PEREIRA e informaci\u00f3n comercial ou promocional de servizos ou produtos relacionados co \u00e1mbito de actividade de PEREIRA.<\/p>\n<p>Se non est\u00e1 de acordo con que os seus datos persoais sexan tratados para estes fins, inf\u00f3rmenos enviando un correo electr\u00f3nico \u00e1 direcci\u00f3n de correo electr\u00f3nico: protecciondedatosppm@grupopereira.com. Tes dereito a opo\u00f1erte ao tratamento dos teus datos para estes fins, en cada unha das comunicaci\u00f3ns que che env\u00edan.<\/p>\n<p>(6) Presenza e seguidores nas redes sociais PEREIRA disp\u00f3n na actualidade dun perfil nunha das principais redes sociais de Internet: Facebook https:\/\/www.facebook.com\/pereiraenlared\/, sen prexu\u00edzo de que poida ter un perfil. noutros no futuro.redes sociais como twitter, instagram, linkedin ou outras.<\/p>\n<p>O usuario poder\u00e1 unirse aos Grupos que PEREIRA ten en diferentes redes sociais, coa finalidade de compartir comentarios, experiencias sobre os produtos e servizos que ofrece PEREIRA e po\u00f1erse en contacto con outros membros do Grupo. O tratamento que PEREIRA realizar\u00e1 sobre os datos dos seguidores da rede social ser\u00e1 o que permita a rede social correspondente para os perf\u00eds corporativos. PEREIRA ser\u00e1 o responsable do tratamento en relaci\u00f3n cos datos persoais publicados por ela na rede social (por exemplo, fotos subidas por PEREIRA nas que aparezan imaxes de persoas f\u00edsicas) ou dos datos que os usuarios env\u00eden de forma privada a PEREIRA co fin de que extr\u00e1ense para unha finalidade espec\u00edfica (por exemplo, comunicaci\u00f3ns para que PEREIRA proporcione informaci\u00f3n sobre un servizo ou produto relacionado co \u00e1mbito da s\u00faa actividade espec\u00edfica).<\/p>\n<p>PEREIRA poder\u00e1 informar aos seus seguidores por calquera medio que a rede social e a lei permitan, sobre os seus produtos, servizos, ofertas, realizar promoci\u00f3ns, concursos, sorteos, as\u00ed como prestar servizos de atenci\u00f3n ao cliente. As\u00ed mesmo, inf\u00f3rmase ao usuario que se incorpore como \u201cSeguidor nunha Rede Social\u201d que debe aceptar as condici\u00f3ns de uso e pol\u00edtica de privacidade da rede social correspondente.<\/p>\n<p>(7) Participaci\u00f3n en concursos ou sorteos: Determinados servizos prestados a trav\u00e9s do Sitio Web ou a trav\u00e9s de perf\u00eds corporativos en redes sociais (por exemplo, a participaci\u00f3n en concursos ou sorteos), poden conter condici\u00f3ns particulares con disposici\u00f3ns espec\u00edficas en materia de protecci\u00f3n de datos de car\u00e1cter persoal. Nestes casos, \u00e9 fundamental a lectura atenta e a aceptaci\u00f3n previa \u00e1 participaci\u00f3n. Ao participar neste tipo de acci\u00f3ns promocionais organizadas por PEREIRA, os datos que facilite ser\u00e1n tratados unicamente por PEREIRA para a finalidade indicada na declaraci\u00f3n da devandita acci\u00f3n-actividade.<\/p>\n<p>(8) Se fose propietario dunha imaxe persoal que fora captada e difundida a trav\u00e9s da nosa \u201cweb\u201d ou perfil corporativo nas redes sociais, como participante en calquera actividade, proxecto ou evento organizado por PEREIRA, poder\u00e1 exercer en calquera momento o seu dereito a revogar o consentimento outorgado para a captura e\/ou difusi\u00f3n das ditas imaxes, dirixindo a comunicaci\u00f3n a PEREIRA no enderezo indicado anteriormente ou a trav\u00e9s do enderezo de correo electr\u00f3nico protecciondedatosppm@grupopereira.com, onde se achegar\u00e1n os datos de contacto, que deber\u00e1n ir acompa\u00f1ados dun fotocopia do DNI\/NIF ou documento equivalente que acredite a s\u00faa identidade.<\/p>\n<p>(9) Navegaci\u00f3n pola web (cookies): A navegaci\u00f3n pola web ou pola &#8220;Pol\u00edtica de cookies&#8221; de PEREIRA est\u00e1 determinada polo establecido no documento &#8221;\u00a0 <a href=\"https:\/\/pereiraycao-cargando-es.translate.goog\/politica_de_cookies.php?_x_tr_sl=es&amp;_x_tr_tl=gl&amp;_x_tr_hl=es&amp;_x_tr_pto=wapp\" target=\"_blanck\" rel=\"noopener\">Pol\u00edtica de cookies&#8221;<\/a> .<\/p>\n<p>b.4) Creaci\u00f3n de perf\u00eds: PEREIRA non crear\u00e1 perf\u00eds dos seus usuarios.<\/p>\n<p>b.5) \u200b\u200bPrazo de Conservaci\u00f3n dos seus Datos: Os datos persoais facilitados conservaranse mentres se mante\u00f1a a relaci\u00f3n-v\u00ednculo con PEREIRA e durante os prazos esixidos pola normativa vixente. Nos demais casos, os datos conservaranse mentres non se solicite a s\u00faa supresi\u00f3n polo interesado.<\/p>\n<p>Datos dos subscritores ao bolet\u00edn ou bolet\u00edn: Desde o momento en que o usuario se subscribe ata que se d\u00e1 de baixa.<\/p>\n<p>Datos de usuario cargados por PEREIRA a p\u00e1xinas e perf\u00eds en redes sociais: Desde que o usuario ofrece o seu consentimento ata que o retira.<\/p>\n<p>Datos dos candidatos a pr\u00e1cticas ou postos de traballo\/empregados\/as: No caso de non ser seleccionado o candidato, a empresa poder\u00e1 conservar o seu curr\u00edculo almacenado durante un m\u00e1ximo de 1 ano para incorporalo a futuras convocatorias de persoal, salvo que o candidato manifeste o contrario. .<\/p>\n<p>No caso de que o candidato resulte seleccionado e pase a ser traballador de PEREIRA, os datos-documentaci\u00f3n de car\u00e1cter laboral ou relacionados coa seguridade social conservaranse durante 4 anos, segundo o disposto na Lei de infracci\u00f3ns e sanci\u00f3ns na Orde. (obrigas en materia de alta, altas, baixas, cotizaci\u00f3ns, pagamento de n\u00f3minas) e 5 anos de documentaci\u00f3n sobre prevenci\u00f3n de riscos laborais.<\/p>\n<p>Datos do Cliente: O per\u00edodo de conservaci\u00f3n dos datos persoais depender\u00e1 do servizo que contrate o Cliente. En todo caso, ser\u00e1 o m\u00ednimo necesario, podendo manterse ata:<\/p>\n<ul>\n<li>4 anos: (libros contables e demais libros de rexistro obrigatorios segundo a normativa tributaria aplicable; arts. 66 e ss. Lei Xeral Tributaria).<\/li>\n<li>6 anos: Art. 30 C\u00f3digo de Comercio (libros comerciais, correspondencia, documentaci\u00f3n e documentos xustificativos relativos ao seu negocio, facturas);<\/li>\n<\/ul>\n<p>No caso de que os datos estean desagregados, os datos poder\u00e1n conservarse sen per\u00edodo de eliminaci\u00f3n.<\/p>\n<h2>c) Destinatarios dos seus datos (cesi\u00f3ns ou cesi\u00f3ns):<\/h2>\n<p>Inform\u00e1moslle que os seus datos non ser\u00e1n cedidos a terceiros, salvo obriga legal. As\u00ed mesmo, mediante a aceptaci\u00f3n da presente Pol\u00edtica de Privacidade, o usuario queda informado e autoriza expresamente a que os datos persoais facilitados poidan ser comunicados a outras empresas que integran o Grupo Pereira (Pereira Productos del Mar, SA, CIF A36642759; Pereira Elaborados, SA , CIF A36736551; e Pesca y Productos del Mar Olear, SA, CIF A41883935) para os efectos de selecci\u00f3n e contrataci\u00f3n de persoal de calquera das sociedades do Grupo e\/ou para efectos administrativos, contables e de xesti\u00f3n tributaria.<\/p>\n<p>Inform\u00e1moslle que PEREIRA non ten previsto transferir os seus datos persoais a un terceiro pa\u00eds ou organizaci\u00f3n internacional.<\/p>\n<h2>d) Exercicio dos dereitos &#8211; Como exercer os seus dereitos:<\/h2>\n<p>Os usuarios poden enviar unha comunicaci\u00f3n por escrito ao enderezo de correo electr\u00f3nico protecciondedatosppm@grupopereira.com ou ao enderezo de PEREIRA mencionado anteriormente, onde se faga constar claramente os seus datos de contacto e solicitude detallada, achegando en ambos casos fotocopia do seu DNI ou outro documento identificativo equivalente. para solicitar o exercicio dalg\u00fan destes dereitos:<\/p>\n<ul>\n<li>Dereito a solicitar o acceso aos datos persoais: o usuario poder\u00e1 preguntar a PEREIRA se esta empresa est\u00e1 a tratar os seus datos.<\/li>\n<li>Dereito a solicitar a s\u00faa rectificaci\u00f3n (se son incorrectas) ou supresi\u00f3n.<\/li>\n<li>Dereito a solicitar a limitaci\u00f3n do seu tratamento, caso en que os datos s\u00f3 ser\u00e1n conservados por PEREIRA para o exercicio ou a defensa de reclamaci\u00f3ns.<\/li>\n<li>Dereito de oposici\u00f3n ao tratamento: PEREIRA deixar\u00e1 de tratar os datos na forma que vostede indique, salvo que por motivos lex\u00edtimos imperiosos ou para o exercicio ou a defensa de posibles reclamaci\u00f3ns deba continuar sendo tratado.<\/li>\n<li>Dereito \u00e1 portabilidade dos datos: no caso de que decida que os seus datos sexan tratados por outra empresa, PEREIRA facilitaralle a portabilidade dos seus datos ao novo responsable do tratamento.<\/li>\n<\/ul>\n<p>Posibilidade de revocar o consentimento: no caso de que o consentimento fose concedido para unha finalidade determinada (por exemplo, o tratamento dos seus datos con fins publicitarios-promocionais), ten dereito a retirar o consentimento en calquera momento, sen que afecte \u00e1 legalidade do tratamento baseado no consentimento. antes da s\u00faa retirada.<\/p>\n<p>Reclamaci\u00f3n ante a Autoridade de Control: se un usuario non est\u00e1 de acordo coa forma en que PEREIRA trata os seus datos, pode dirixir unha reclamaci\u00f3n \u00e1 Axencia Espa\u00f1ola de Protecci\u00f3n de Datos:\u00a0 <a href=\"https:\/\/translate.google.com\/website?sl=es&amp;tl=gl&amp;hl=es&amp;client=webapp&amp;u=https:\/\/www.agpd.es\/\">Axencia Espa\u00f1ola de Protecci\u00f3n de Datos.<\/a><\/p>\n<p>M\u00e1is informaci\u00f3n sobre os teus dereitos, Modelos, formularios: Tes dereito a po\u00f1erte en contacto coa Axencia Espa\u00f1ola de Protecci\u00f3n de Datos\u00a0 <a href=\"https:\/\/translate.google.com\/website?sl=es&amp;tl=gl&amp;hl=es&amp;client=webapp&amp;u=https:\/\/www.agpd.es\/\">Axencia Espa\u00f1ola de Protecci\u00f3n de Datos<\/a> \u00a0para obter informaci\u00f3n adicional sobre os teus dereitos.<\/p>\n<h2>e) Informaci\u00f3n adicional<\/h2>\n<p>e.1) Todos os datos persoais facilitados a PEREIRA ser\u00e1n tratados por esta conforme ao Regulamento Xeral de Protecci\u00f3n de Datos (UE) 2016\/679 (RGPD) e \u00e1 normativa espa\u00f1ola de protecci\u00f3n e tratamento de datos de car\u00e1cter persoal. Os seus datos ser\u00e1n incorporados ao noso ficheiro ou base de datos, denominado USUARIOS WEB, creado e mantido baixo a responsabilidade de PEREIRA.<\/p>\n<p>e.2) PEREIRA adoptou as medidas de seguridade t\u00e9cnicas e organizativas esixidas pola lexislaci\u00f3n vixente en materia de protecci\u00f3n de datos de car\u00e1cter persoal. Para tal fin, establec\u00e9ronse todos os medios e mecanismos necesarios para evitar a alteraci\u00f3n, perda, mal uso, tratamento e acceso non autorizado ou roubo dos mesmos, tendo en conta o estado da tecnolox\u00eda. Non obstante, debes ter en conta que as medidas de Internet, pola s\u00faa natureza e car\u00e1cter global, non son irrompibles.<\/p>\n<p>e.3) Se nos facilita datos persoais doutras persoas, deber\u00e1 facelo co seu consentimento e terlles informado, previamente, dos puntos contidos nesta cl\u00e1usula. Inf\u00f3rmanos de calquera variaci\u00f3n que poida producirse nos datos facilitados.<\/p>\n<p>e.4) Os servizos prestados por PEREIRA est\u00e1n dirixidos a maiores de 13 anos. O Usuario certifica que \u00e9 maior de 13 anos e que, polo tanto, ten a capacidade legal necesaria para prestar o consentimento respecto ao tratamento dos seus datos persoais e todo isto, de acordo co establecido nesta Pol\u00edtica de Privacidade. No caso de que se desenvolva un servizo especialmente dirixido a menores desa idade, PEREIRA solicitar\u00e1 o consentimento dos pais ou titores para a recollida de datos persoais e\/ou para o tratamento automatizado dos mesmos.<\/p>\n<h2>f) Aceptaci\u00f3n da Pol\u00edtica de Privacidade:<\/h2>\n<p>Ao aceptar esta pol\u00edtica de privacidade, autoriza a PEREIRA a tratar os seus datos persoais e todo isto de acordo co establecido nos par\u00e1grafos anteriores.<\/p>\n<\/div><\/div><\/div><\/div><\/div><\/div><\/div><\/section>\n","protected":false},"excerpt":{"rendered":"POL\u00cdTICA DE PRIVACIDADE E PROTECCI\u00d3N DE DATOS PERSOAIS PEREIRA, SA (en diante PEREIRA) garante a protecci\u00f3n de todos os datos persoais facilitados polo Usuario no Sitio Web\u00a0 http:\/\/www.pereira.es , (en diante o &#8220;web&#8221; e en cumprimento do disposto no Regulamento Xeral de Protecci\u00f3n de Datos ( UE) 2016\/679, do 27 de abril de 2016, do...","protected":false},"author":1,"featured_media":0,"parent":0,"menu_order":0,"comment_status":"closed","ping_status":"closed","template":"","meta":{"_acf_changed":false,"inline_featured_image":false,"footnotes":""},"class_list":["post-3418","page","type-page","status-publish","hentry"],"acf":[],"yoast_head":"<!-- This site is optimized with the Yoast SEO plugin v27.4 - https:\/\/yoast.com\/product\/yoast-seo-wordpress\/ -->\n<title>Pol\u00edtica de privacidade - Pereira y Cao<\/title>\n<meta name=\"robots\" content=\"index, follow, max-snippet:-1, max-image-preview:large, max-video-preview:-1\" \/>\n<link rel=\"canonical\" href=\"https:\/\/pereiraycao.es\/gl\/politica-de-privacidade\/\" \/>\n<meta property=\"og:locale\" content=\"gl_ES\" \/>\n<meta property=\"og:type\" content=\"article\" \/>\n<meta property=\"og:title\" content=\"Pol\u00edtica de privacidade - Pereira y Cao\" \/>\n<meta property=\"og:url\" content=\"https:\/\/pereiraycao.es\/gl\/politica-de-privacidade\/\" \/>\n<meta property=\"og:site_name\" content=\"Pereira y Cao\" \/>\n<meta property=\"article:modified_time\" content=\"2024-03-12T09:43:07+00:00\" \/>\n<meta name=\"twitter:card\" content=\"summary_large_image\" \/>\n<meta name=\"twitter:label1\" content=\"Tempo de lectura\" \/>\n\t<meta name=\"twitter:data1\" content=\"11 minutos\" \/>\n<script type=\"application\/ld+json\" class=\"yoast-schema-graph\">{\"@context\":\"https:\\\/\\\/schema.org\",\"@graph\":[{\"@type\":\"WebPage\",\"@id\":\"https:\\\/\\\/pereiraycao.es\\\/gl\\\/politica-de-privacidade\\\/\",\"url\":\"https:\\\/\\\/pereiraycao.es\\\/gl\\\/politica-de-privacidade\\\/\",\"name\":\"Pol\u00edtica de privacidade - Pereira y Cao\",\"isPartOf\":{\"@id\":\"https:\\\/\\\/pereiraycao.es\\\/#website\"},\"datePublished\":\"2024-03-12T09:28:26+00:00\",\"dateModified\":\"2024-03-12T09:43:07+00:00\",\"breadcrumb\":{\"@id\":\"https:\\\/\\\/pereiraycao.es\\\/gl\\\/politica-de-privacidade\\\/#breadcrumb\"},\"inLanguage\":\"gl-ES\",\"potentialAction\":[{\"@type\":\"ReadAction\",\"target\":[\"https:\\\/\\\/pereiraycao.es\\\/gl\\\/politica-de-privacidade\\\/\"]}]},{\"@type\":\"BreadcrumbList\",\"@id\":\"https:\\\/\\\/pereiraycao.es\\\/gl\\\/politica-de-privacidade\\\/#breadcrumb\",\"itemListElement\":[{\"@type\":\"ListItem\",\"position\":1,\"name\":\"Portada\",\"item\":\"https:\\\/\\\/pereiraycao.es\\\/gl\\\/\"},{\"@type\":\"ListItem\",\"position\":2,\"name\":\"Pol\u00edtica de privacidade\"}]},{\"@type\":\"WebSite\",\"@id\":\"https:\\\/\\\/pereiraycao.es\\\/#website\",\"url\":\"https:\\\/\\\/pereiraycao.es\\\/\",\"name\":\"Pereira y Cao\",\"description\":\"\",\"potentialAction\":[{\"@type\":\"SearchAction\",\"target\":{\"@type\":\"EntryPoint\",\"urlTemplate\":\"https:\\\/\\\/pereiraycao.es\\\/?s={search_term_string}\"},\"query-input\":{\"@type\":\"PropertyValueSpecification\",\"valueRequired\":true,\"valueName\":\"search_term_string\"}}],\"inLanguage\":\"gl-ES\"}]}<\/script>\n<!-- \/ Yoast SEO plugin. -->","yoast_head_json":{"title":"Pol\u00edtica de privacidade - Pereira y Cao","robots":{"index":"index","follow":"follow","max-snippet":"max-snippet:-1","max-image-preview":"max-image-preview:large","max-video-preview":"max-video-preview:-1"},"canonical":"https:\/\/pereiraycao.es\/gl\/politica-de-privacidade\/","og_locale":"gl_ES","og_type":"article","og_title":"Pol\u00edtica de privacidade - Pereira y Cao","og_url":"https:\/\/pereiraycao.es\/gl\/politica-de-privacidade\/","og_site_name":"Pereira y Cao","article_modified_time":"2024-03-12T09:43:07+00:00","twitter_card":"summary_large_image","twitter_misc":{"Tempo de lectura":"11 minutos"},"schema":{"@context":"https:\/\/schema.org","@graph":[{"@type":"WebPage","@id":"https:\/\/pereiraycao.es\/gl\/politica-de-privacidade\/","url":"https:\/\/pereiraycao.es\/gl\/politica-de-privacidade\/","name":"Pol\u00edtica de privacidade - Pereira y Cao","isPartOf":{"@id":"https:\/\/pereiraycao.es\/#website"},"datePublished":"2024-03-12T09:28:26+00:00","dateModified":"2024-03-12T09:43:07+00:00","breadcrumb":{"@id":"https:\/\/pereiraycao.es\/gl\/politica-de-privacidade\/#breadcrumb"},"inLanguage":"gl-ES","potentialAction":[{"@type":"ReadAction","target":["https:\/\/pereiraycao.es\/gl\/politica-de-privacidade\/"]}]},{"@type":"BreadcrumbList","@id":"https:\/\/pereiraycao.es\/gl\/politica-de-privacidade\/#breadcrumb","itemListElement":[{"@type":"ListItem","position":1,"name":"Portada","item":"https:\/\/pereiraycao.es\/gl\/"},{"@type":"ListItem","position":2,"name":"Pol\u00edtica de privacidade"}]},{"@type":"WebSite","@id":"https:\/\/pereiraycao.es\/#website","url":"https:\/\/pereiraycao.es\/","name":"Pereira y Cao","description":"","potentialAction":[{"@type":"SearchAction","target":{"@type":"EntryPoint","urlTemplate":"https:\/\/pereiraycao.es\/?s={search_term_string}"},"query-input":{"@type":"PropertyValueSpecification","valueRequired":true,"valueName":"search_term_string"}}],"inLanguage":"gl-ES"}]}},"_links":{"self":[{"href":"https:\/\/pereiraycao.es\/gl\/wp-json\/wp\/v2\/pages\/3418","targetHints":{"allow":["GET"]}}],"collection":[{"href":"https:\/\/pereiraycao.es\/gl\/wp-json\/wp\/v2\/pages"}],"about":[{"href":"https:\/\/pereiraycao.es\/gl\/wp-json\/wp\/v2\/types\/page"}],"author":[{"embeddable":true,"href":"https:\/\/pereiraycao.es\/gl\/wp-json\/wp\/v2\/users\/1"}],"replies":[{"embeddable":true,"href":"https:\/\/pereiraycao.es\/gl\/wp-json\/wp\/v2\/comments?post=3418"}],"version-history":[{"count":2,"href":"https:\/\/pereiraycao.es\/gl\/wp-json\/wp\/v2\/pages\/3418\/revisions"}],"predecessor-version":[{"id":3427,"href":"https:\/\/pereiraycao.es\/gl\/wp-json\/wp\/v2\/pages\/3418\/revisions\/3427"}],"wp:attachment":[{"href":"https:\/\/pereiraycao.es\/gl\/wp-json\/wp\/v2\/media?parent=3418"}],"curies":[{"name":"wp","href":"https:\/\/api.w.org\/{rel}","templated":true}]}}